{"id":992,"date":"2022-10-05T10:14:21","date_gmt":"2022-10-05T10:14:21","guid":{"rendered":"https:\/\/hobi24.de\/?post_type=product&#038;p=992"},"modified":"2025-04-15T22:32:40","modified_gmt":"2025-04-15T21:32:40","slug":"6te0444-deko-eichhornchen-o-1626-cm-braun-stein-kurbis-deko-accessoires-dekoratives-figur","status":"publish","type":"product","link":"https:\/\/hobi24.de\/de\/product\/6te0444-deko-eichhornchen-o-1626-cm-braun-stein-kurbis-deko-accessoires-dekoratives-figur\/","title":{"rendered":"6TE0444 DEKO EICHH\u00d6RNCHEN \u00d8 16*26 CM BRAUN STEIN K\u00dcRBIS DEKO ACCESSOIRES DEKORATIVES FIGUR"},"content":{"rendered":"","protected":false},"excerpt":{"rendered":"<p><strong>Farbe:<\/strong> Braun<br \/>\n<strong>Material:<\/strong> Stein<br \/>\n<strong>Stil:<\/strong> Landhausstil<br \/>\n<strong>Gewicht:<\/strong> 2,16 kg<br \/>\n<strong>H\u00f6he:<\/strong> 26,00 cm<br \/>\n<strong>Messen:<\/strong> \u00d8 16&#215;26 cm<br \/>\n<strong>Durchmesser:<\/strong> 16,00 cm<\/p>\n","protected":false},"featured_media":993,"template":"","meta":[],"product_cat":[74,73,69],"product_tag":[],"class_list":["post-992","product","type-product","status-publish","has-post-thumbnail","hentry","product_cat-deko","product_cat-gs","product_cat-ostern"],"_links":{"self":[{"href":"https:\/\/hobi24.de\/de\/wp-json\/wp\/v2\/product\/992","targetHints":{"allow":["GET"]}}],"collection":[{"href":"https:\/\/hobi24.de\/de\/wp-json\/wp\/v2\/product"}],"about":[{"href":"https:\/\/hobi24.de\/de\/wp-json\/wp\/v2\/types\/product"}],"wp:featuredmedia":[{"embeddable":true,"href":"https:\/\/hobi24.de\/de\/wp-json\/wp\/v2\/media\/993"}],"wp:attachment":[{"href":"https:\/\/hobi24.de\/de\/wp-json\/wp\/v2\/media?parent=992"}],"wp:term":[{"taxonomy":"product_cat","embeddable":true,"href":"https:\/\/hobi24.de\/de\/wp-json\/wp\/v2\/product_cat?post=992"},{"taxonomy":"product_tag","embeddable":true,"href":"https:\/\/hobi24.de\/de\/wp-json\/wp\/v2\/product_tag?post=992"}],"curies":[{"name":"wp","href":"https:\/\/api.w.org\/{rel}","templated":true}]}}