{"id":790,"date":"2022-10-04T20:56:39","date_gmt":"2022-10-04T20:56:39","guid":{"rendered":"https:\/\/hobi24.de\/?post_type=product&#038;p=790"},"modified":"2022-11-20T19:45:34","modified_gmt":"2022-11-20T19:45:34","slug":"clayre-eef-6y2704-ontottvas-uvegnyito-5x14x3cm-lovas-feher-antikolt","status":"publish","type":"product","link":"https:\/\/hobi24.de\/de\/product\/clayre-eef-6y2704-ontottvas-uvegnyito-5x14x3cm-lovas-feher-antikolt\/","title":{"rendered":"Clayre &amp; Eef 6Y2704 \u00d6nt\u00f6ttvas \u00fcvegnyit\u00f3 5x14x3cm, lovas, feh\u00e9r antikolt"},"content":{"rendered":"","protected":false},"excerpt":{"rendered":"","protected":false},"featured_media":791,"template":"","meta":[],"product_cat":[74,73],"product_tag":[],"class_list":["post-790","product","type-product","status-publish","has-post-thumbnail","hentry","product_cat-deko","product_cat-gs"],"_links":{"self":[{"href":"https:\/\/hobi24.de\/de\/wp-json\/wp\/v2\/product\/790","targetHints":{"allow":["GET"]}}],"collection":[{"href":"https:\/\/hobi24.de\/de\/wp-json\/wp\/v2\/product"}],"about":[{"href":"https:\/\/hobi24.de\/de\/wp-json\/wp\/v2\/types\/product"}],"wp:featuredmedia":[{"embeddable":true,"href":"https:\/\/hobi24.de\/de\/wp-json\/wp\/v2\/media\/791"}],"wp:attachment":[{"href":"https:\/\/hobi24.de\/de\/wp-json\/wp\/v2\/media?parent=790"}],"wp:term":[{"taxonomy":"product_cat","embeddable":true,"href":"https:\/\/hobi24.de\/de\/wp-json\/wp\/v2\/product_cat?post=790"},{"taxonomy":"product_tag","embeddable":true,"href":"https:\/\/hobi24.de\/de\/wp-json\/wp\/v2\/product_tag?post=790"}],"curies":[{"name":"wp","href":"https:\/\/api.w.org\/{rel}","templated":true}]}}