{"id":588,"date":"2022-10-04T14:11:31","date_gmt":"2022-10-04T14:11:31","guid":{"rendered":"https:\/\/hobi24.de\/?post_type=product&#038;p=588"},"modified":"2022-11-20T20:01:12","modified_gmt":"2022-11-20T20:01:12","slug":"clayre-eef-sklenicka-na-cajovou-svicku-6gl2430","status":"publish","type":"product","link":"https:\/\/hobi24.de\/de\/product\/clayre-eef-sklenicka-na-cajovou-svicku-6gl2430\/","title":{"rendered":"Clayre &amp; Eef &#8211; Skleni\u010dka na \u010dajovou sv\u00ed\u010dku 6GL2430"},"content":{"rendered":"","protected":false},"excerpt":{"rendered":"<p><strong>Clayre &amp; Eef<\/strong><\/p>\n","protected":false},"featured_media":589,"template":"","meta":[],"product_cat":[72,73,78],"product_tag":[],"class_list":["post-588","product","type-product","status-publish","has-post-thumbnail","hentry","product_cat-garten","product_cat-gs","product_cat-kz"],"_links":{"self":[{"href":"https:\/\/hobi24.de\/de\/wp-json\/wp\/v2\/product\/588","targetHints":{"allow":["GET"]}}],"collection":[{"href":"https:\/\/hobi24.de\/de\/wp-json\/wp\/v2\/product"}],"about":[{"href":"https:\/\/hobi24.de\/de\/wp-json\/wp\/v2\/types\/product"}],"wp:featuredmedia":[{"embeddable":true,"href":"https:\/\/hobi24.de\/de\/wp-json\/wp\/v2\/media\/589"}],"wp:attachment":[{"href":"https:\/\/hobi24.de\/de\/wp-json\/wp\/v2\/media?parent=588"}],"wp:term":[{"taxonomy":"product_cat","embeddable":true,"href":"https:\/\/hobi24.de\/de\/wp-json\/wp\/v2\/product_cat?post=588"},{"taxonomy":"product_tag","embeddable":true,"href":"https:\/\/hobi24.de\/de\/wp-json\/wp\/v2\/product_tag?post=588"}],"curies":[{"name":"wp","href":"https:\/\/api.w.org\/{rel}","templated":true}]}}