{"id":323,"date":"2022-10-03T17:33:37","date_gmt":"2022-10-03T17:33:37","guid":{"rendered":"https:\/\/hobi24.de\/?post_type=product&#038;p=323"},"modified":"2022-11-09T01:39:05","modified_gmt":"2022-11-09T01:39:05","slug":"6gl3753-weihnachtsbaum-deko-o-7-cm-weiss-silberfarbig-glas-metall-weihnachtsdek","status":"publish","type":"product","link":"https:\/\/hobi24.de\/de\/product\/6gl3753-weihnachtsbaum-deko-o-7-cm-weiss-silberfarbig-glas-metall-weihnachtsdek\/","title":{"rendered":"6GL3753 WEIHNACHTSBAUM DEKO \u00d8 7 CM WEISS SILBERFARBIG GLAS METALL WEIHNACHTSDEK"},"content":{"rendered":"<p>Wundersch\u00f6ne Weihnachtskugel aus Glas, wei\u00df mit silberner Farbe, im Landhausstil. Gr\u00f6\u00dfe \u00d8 7*10 cm.<\/p>\n<p>Unsere Weihnachtskugeln sind in verschiedenen Farben, Materialien und Stilen erh\u00e4ltlich, von XS bis XXL. F\u00fcr jeden sch\u00f6nen Weihnachtsbaum haben wir die passenden Kugeln oder Christbaumbeh\u00e4nge. Die Kugeln sind leicht mit anderen Aufh\u00e4ngern oder Kugeln zu kombinieren. Es ist eine sch\u00f6ne Erg\u00e4nzung zu Ihrer weihnachtlichen Einrichtung und macht Ihr Haus zu einem echten M\u00e4rchen.<\/p>\n","protected":false},"excerpt":{"rendered":"<p><strong>Farbe:<\/strong> Wei\u00df<br \/>\n<strong>Material:<\/strong> Glas<br \/>\n<strong>Stil:<\/strong> Landhausstil<br \/>\n<strong>Gewicht:<\/strong> 0,07 kg<br \/>\n<strong>H\u00f6he:<\/strong> 10,00 cm<br \/>\n<strong>Messen:<\/strong> \u00d8 7&#215;10 cm<br \/>\n<strong>Kollektion:<\/strong> Weihnachten<br \/>\n<strong>Durchmesser<\/strong>: 7,00 cm<\/p>\n","protected":false},"featured_media":324,"template":"","meta":[],"product_cat":[15,73,68],"product_tag":[],"class_list":["post-323","product","type-product","status-publish","has-post-thumbnail","hentry","product_cat-uncategorized","product_cat-gs","product_cat-weihnachtsdeko"],"_links":{"self":[{"href":"https:\/\/hobi24.de\/de\/wp-json\/wp\/v2\/product\/323","targetHints":{"allow":["GET"]}}],"collection":[{"href":"https:\/\/hobi24.de\/de\/wp-json\/wp\/v2\/product"}],"about":[{"href":"https:\/\/hobi24.de\/de\/wp-json\/wp\/v2\/types\/product"}],"wp:featuredmedia":[{"embeddable":true,"href":"https:\/\/hobi24.de\/de\/wp-json\/wp\/v2\/media\/324"}],"wp:attachment":[{"href":"https:\/\/hobi24.de\/de\/wp-json\/wp\/v2\/media?parent=323"}],"wp:term":[{"taxonomy":"product_cat","embeddable":true,"href":"https:\/\/hobi24.de\/de\/wp-json\/wp\/v2\/product_cat?post=323"},{"taxonomy":"product_tag","embeddable":true,"href":"https:\/\/hobi24.de\/de\/wp-json\/wp\/v2\/product_tag?post=323"}],"curies":[{"name":"wp","href":"https:\/\/api.w.org\/{rel}","templated":true}]}}