{"id":2936,"date":"2026-04-29T23:48:09","date_gmt":"2026-04-29T22:48:09","guid":{"rendered":"https:\/\/hobi24.de\/?post_type=product&#038;p=2936"},"modified":"2026-04-29T23:52:31","modified_gmt":"2026-04-29T22:52:31","slug":"30-stk-for-x5-magic-milk-kraeutergetraenk-kraeutermischung-original","status":"publish","type":"product","link":"https:\/\/hobi24.de\/de\/product\/30-stk-for-x5-magic-milk-kraeutergetraenk-kraeutermischung-original\/","title":{"rendered":"30 Stk FOR X5 Magic Milk Kr\u00e4utergetr\u00e4nk \u2014 Kr\u00e4utermischung &#8211; Original"},"content":{"rendered":"<p>FOR X5 Magic Milk \u2013 Kr\u00e4utergetr\u00e4nk \u2013 Mixed Herbal Powder \u2013 30 Sachets<\/p>\n<p>FOR X5 Magic Milk ist ein aromatisches Kr\u00e4utergetr\u00e4nk in praktischen Portionssticks.<br \/>\nDas Produkt wird ausdr\u00fccklich als Lebensmittel angeboten und richtet sich an Personen,<br \/>\ndie ein warmes Kr\u00e4utergetr\u00e4nk genie\u00dfen m\u00f6chten.<\/p>\n<p>Die Kr\u00e4utermischung besteht aus sorgf\u00e4ltig ausgew\u00e4hlten pflanzlichen Zutaten<br \/>\nund zeichnet sich durch eine milde, angenehme Geschmacksnote aus.<\/p>\n<p>\u2714 Produkteigenschaften<br \/>\n\u2013 Originalprodukt<br \/>\n\u2013 30 einzeln verpackte Portionssticks<br \/>\n\u2013 Einfache Zubereitung<br \/>\n\u2013 Angenehmer, milder Geschmack<br \/>\n\u2013 Praktisch f\u00fcr unterwegs<\/p>\n<p>\u2714 Zutaten (laut Verpackung)<br \/>\n\u2013 Boldo-Bl\u00e4tter<br \/>\n\u2013 Ingwer<br \/>\n\u2013 Fenchelsamen<br \/>\n\u2013 Schwarzer Pfeffer<br \/>\n\u2013 Chiasamen<br \/>\n\u2013 Leinsamen<br \/>\n\u2013 Schwarzk\u00fcmmel (Nigella sativa)<\/p>\n<p>\u2714 Zubereitung<br \/>\nDen Inhalt eines Sticks in ca. 150\u2013200 ml warmem Wasser oder Milch einr\u00fchren<br \/>\nund gut vermischen.<br \/>\nBitte die Hinweise auf der Originalverpackung beachten.<\/p>\n<p>\u2714 Lagerung<br \/>\nK\u00fchl und trocken lagern.<\/p>\n","protected":false},"excerpt":{"rendered":"<p>FOR X5 Magic Milk ist ein aromatisches Kr\u00e4utergetr\u00e4nk in praktischen Portionssticks.<br \/>\nDas Produkt wird ausdr\u00fccklich als Lebensmittel angeboten und richtet sich an Personen,<br \/>\ndie ein warmes Kr\u00e4utergetr\u00e4nk genie\u00dfen m\u00f6chten.<\/p>\n","protected":false},"featured_media":2949,"template":"","meta":[],"product_cat":[15,71,83,74,87,80,72,73,81,78,75,69,84,70,82,85,76,77,79,68,89],"product_tag":[],"class_list":["post-2936","product","type-product","status-publish","has-post-thumbnail","hentry","product_cat-uncategorized","product_cat-bilderrahmen","product_cat-b","product_cat-deko","product_cat-fav","product_cat-gr","product_cat-garten","product_cat-gs","product_cat-hs","product_cat-kz","product_cat-lampe","product_cat-ostern","product_cat-rg","product_cat-sonstiges","product_cat-tr","product_cat-u","product_cat-vt","product_cat-vz","product_cat-wd","product_cat-weihnachtsdeko","product_cat-natur"],"_links":{"self":[{"href":"https:\/\/hobi24.de\/de\/wp-json\/wp\/v2\/product\/2936","targetHints":{"allow":["GET"]}}],"collection":[{"href":"https:\/\/hobi24.de\/de\/wp-json\/wp\/v2\/product"}],"about":[{"href":"https:\/\/hobi24.de\/de\/wp-json\/wp\/v2\/types\/product"}],"wp:featuredmedia":[{"embeddable":true,"href":"https:\/\/hobi24.de\/de\/wp-json\/wp\/v2\/media\/2949"}],"wp:attachment":[{"href":"https:\/\/hobi24.de\/de\/wp-json\/wp\/v2\/media?parent=2936"}],"wp:term":[{"taxonomy":"product_cat","embeddable":true,"href":"https:\/\/hobi24.de\/de\/wp-json\/wp\/v2\/product_cat?post=2936"},{"taxonomy":"product_tag","embeddable":true,"href":"https:\/\/hobi24.de\/de\/wp-json\/wp\/v2\/product_tag?post=2936"}],"curies":[{"name":"wp","href":"https:\/\/api.w.org\/{rel}","templated":true}]}}