{"id":2865,"date":"2025-12-31T02:03:51","date_gmt":"2025-12-31T01:03:51","guid":{"rendered":"https:\/\/hobi24.de\/?post_type=product&#038;p=2865"},"modified":"2025-12-31T02:10:01","modified_gmt":"2025-12-31T01:10:01","slug":"clayre-eef-6pr4056-deko-kaninchen-weiss-11x10x26-cm","status":"publish","type":"product","link":"https:\/\/hobi24.de\/de\/product\/clayre-eef-6pr4056-deko-kaninchen-weiss-11x10x26-cm\/","title":{"rendered":"Clayre &#038; Eef 6PR4056 Deko-Kaninchen Wei\u00df 11x10x26 cm"},"content":{"rendered":"<p>Clayre &#038; Eef 6PR4056 Deko-Kaninchen Wei\u00df 11x10x26 cm<\/p>\n<p>Artikelnummer: 6PR4056 Clayre Eef<br \/>\nEAN: 8720898038412<br \/>\nKategorie: Osterdekoration<\/p>\n<p>Clayre &#038; Eef 6PR4056 Deko-Kaninchen Wei\u00df 11x10x26 cm<\/p>\n<p>Dekoratives Kaninchen im Landhausstil<br \/>\nHochwertiges Polyresin<br \/>\nFarbe: Wei\u00df mit rosa Details<br \/>\nMa\u00dfe: 11x10x26 cm<br \/>\nDieses charmante Deko-Kaninchen aus dem Hause Clayre &#038; Eef ist eine bezaubernde Erg\u00e4nzung f\u00fcr jedes Zuhause, das den sanften Charme des Landhausstils sch\u00e4tzt. Hergestellt aus hochwertigem Polyresin, ist diese Figur nicht nur robust, sondern auch detailreich gestaltet. Das Kaninchen pr\u00e4sentiert sich in einer eleganten Pose und verleiht jedem Raum eine besondere Note.<\/p>\n<p>Die Figur mit den Ma\u00dfen 11x10x26 cm passt hervorragend auf jede Anrichte, in Regale oder als zentrales Deko-Element. Seine wei\u00df gl\u00e4nzende Farbe harmoniert mit einer Vielzahl von Einrichtungsstilen und bringt eine fr\u00fchlingshafte Frische in den Raum. Ob als Geschenk oder als Versch\u00f6nerung des eigenen Heims, dieses Deko-Kaninchen ist eine Wahl, die Herzen erfreut.<\/p>\n<p>Informationen zur Produktsicherheit<\/p>\n<p>Farbe:\tWei\u00df<br \/>\nMaterial:\tPolyharz<br \/>\nBreite:\t10 cm<br \/>\nH\u00f6he:\t32 cm<br \/>\nAnlass:\tOstern<br \/>\nAufh\u00e4ngung:\tzum Stellen<br \/>\nProduktart:\tDekoelement<br \/>\nStil:\tLandhausstil<br \/>\nL\u00e4nge:\t11 cm<br \/>\nArtikelgewicht:\t0,26 kg<br \/>\nAbmessungen ( L\u00e4nge \u00d7 Breite \u00d7 H\u00f6he ):\t11,00 \u00d7 10,00 \u00d7 32,00 cm<\/p>\n","protected":false},"excerpt":{"rendered":"<p>Artikelnummer: 6PR4056 Clayre Eef<br \/>\nEAN: 8720898038412<br \/>\nKategorie: Osterdekoration<\/p>\n","protected":false},"featured_media":2866,"template":"","meta":[],"product_cat":[15,74,80,72,73,81,69,70],"product_tag":[],"class_list":["post-2865","product","type-product","status-publish","has-post-thumbnail","hentry","product_cat-uncategorized","product_cat-deko","product_cat-gr","product_cat-garten","product_cat-gs","product_cat-hs","product_cat-ostern","product_cat-sonstiges"],"_links":{"self":[{"href":"https:\/\/hobi24.de\/de\/wp-json\/wp\/v2\/product\/2865","targetHints":{"allow":["GET"]}}],"collection":[{"href":"https:\/\/hobi24.de\/de\/wp-json\/wp\/v2\/product"}],"about":[{"href":"https:\/\/hobi24.de\/de\/wp-json\/wp\/v2\/types\/product"}],"wp:featuredmedia":[{"embeddable":true,"href":"https:\/\/hobi24.de\/de\/wp-json\/wp\/v2\/media\/2866"}],"wp:attachment":[{"href":"https:\/\/hobi24.de\/de\/wp-json\/wp\/v2\/media?parent=2865"}],"wp:term":[{"taxonomy":"product_cat","embeddable":true,"href":"https:\/\/hobi24.de\/de\/wp-json\/wp\/v2\/product_cat?post=2865"},{"taxonomy":"product_tag","embeddable":true,"href":"https:\/\/hobi24.de\/de\/wp-json\/wp\/v2\/product_tag?post=2865"}],"curies":[{"name":"wp","href":"https:\/\/api.w.org\/{rel}","templated":true}]}}