{"id":2856,"date":"2025-12-31T01:59:11","date_gmt":"2025-12-31T00:59:11","guid":{"rendered":"https:\/\/hobi24.de\/?post_type=product&#038;p=2856"},"modified":"2025-12-31T01:59:27","modified_gmt":"2025-12-31T00:59:27","slug":"clayre-eef-katzenhaus-oe-47x30-cm-braun-beige-rattan","status":"publish","type":"product","link":"https:\/\/hobi24.de\/de\/product\/clayre-eef-katzenhaus-oe-47x30-cm-braun-beige-rattan\/","title":{"rendered":"Clayre &#038; Eef Katzenhaus \u00d8 47&#215;30 cm Braun Beige Rattan"},"content":{"rendered":"<p>Clayre &#038; Eef 6RO0544 Korb Braun Durchmesser 47&#215;30 cm Katzen- oder Hundekorb<\/p>\n<p>Artikelnummer: 6RO0544 Clayre Eef<br \/>\nEAN: 8717459804333<br \/>\nKategorie: K\u00f6rbe<\/p>\n<p>Clayre &#038; Eef Korb \u00d8 47&#215;30 cm, Rattan, \u00d8 47&#215;30 cm, dekorativ, vielseitig, stabil<\/p>\n<p>Marke: Clayre &#038; Eef<br \/>\nProdukt: Katzen- oder Hundekorb<br \/>\nMaterial: Rattan<br \/>\nFarbe: Braun\/Beige<br \/>\nMa\u00dfe: \u00d8 47 cm, H\u00f6he 30 cm<br \/>\nVerwendung: F\u00fcr kleine Hunde und Katzen, nur f\u00fcr den Innenbereich geeignet <\/p>\n","protected":false},"excerpt":{"rendered":"<p>Artikelnummer: 6RO0544 Clayre Eef<br \/>\nEAN: 8717459804333<br \/>\nMarke: Clayre &#038; Eef<br \/>\nProdukt: Katzen- oder Hundekorb<br \/>\nMaterial: Rattan<br \/>\nFarbe: Braun\/Beige<br \/>\nMa\u00dfe: \u00d8 47 cm, H\u00f6he 30 cm<br \/>\nVerwendung: F\u00fcr kleine Hunde und Katzen, nur f\u00fcr den Innenbereich geeignet <\/p>\n","protected":false},"featured_media":2857,"template":"","meta":[],"product_cat":[15,74,81,70,82],"product_tag":[],"class_list":["post-2856","product","type-product","status-publish","has-post-thumbnail","hentry","product_cat-uncategorized","product_cat-deko","product_cat-hs","product_cat-sonstiges","product_cat-tr"],"_links":{"self":[{"href":"https:\/\/hobi24.de\/de\/wp-json\/wp\/v2\/product\/2856","targetHints":{"allow":["GET"]}}],"collection":[{"href":"https:\/\/hobi24.de\/de\/wp-json\/wp\/v2\/product"}],"about":[{"href":"https:\/\/hobi24.de\/de\/wp-json\/wp\/v2\/types\/product"}],"wp:featuredmedia":[{"embeddable":true,"href":"https:\/\/hobi24.de\/de\/wp-json\/wp\/v2\/media\/2857"}],"wp:attachment":[{"href":"https:\/\/hobi24.de\/de\/wp-json\/wp\/v2\/media?parent=2856"}],"wp:term":[{"taxonomy":"product_cat","embeddable":true,"href":"https:\/\/hobi24.de\/de\/wp-json\/wp\/v2\/product_cat?post=2856"},{"taxonomy":"product_tag","embeddable":true,"href":"https:\/\/hobi24.de\/de\/wp-json\/wp\/v2\/product_tag?post=2856"}],"curies":[{"name":"wp","href":"https:\/\/api.w.org\/{rel}","templated":true}]}}