{"id":2840,"date":"2025-12-31T01:46:44","date_gmt":"2025-12-31T00:46:44","guid":{"rendered":"https:\/\/hobi24.de\/?post_type=product&#038;p=2840"},"modified":"2025-12-31T01:46:57","modified_gmt":"2025-12-31T00:46:57","slug":"clayre-eef-dekoration-kaninchen-10x6x21-cm-braun-6pr3088ch","status":"publish","type":"product","link":"https:\/\/hobi24.de\/de\/product\/clayre-eef-dekoration-kaninchen-10x6x21-cm-braun-6pr3088ch\/","title":{"rendered":"Clayre &#038; Eef Dekoration Kaninchen 10x6x21 cm braun 6PR3088CH"},"content":{"rendered":"<p>Clayre &#038; Eef Dekoration Kaninchen 10x6x21 cm braun 6PR3088CH<\/p>\n<p>Artikelnummer: 6PR3088CH Clayre Eef<br \/>\nEAN: 8717459754461<br \/>\nKategorie: Dekoration zum Hinstellen<\/p>\n","protected":false},"excerpt":{"rendered":"<p>Artikelnummer: 6PR3088CH Clayre Eef<br \/>\nEAN: 8717459754461<br \/>\nKategorie: Dekoration zum Hinstellen<\/p>\n<p>Dekoration Kaninchen 10x6x21 cm braun<\/p>\n<p>Marke: Clayre &#038; Eef<br \/>\nMaterial: Polyresin<br \/>\nFarbe: braun<br \/>\nGr\u00f6\u00dfe: 10x6x21 cm<br \/>\nDieses entz\u00fcckende Kaninchen von Clayre &#038; Eef ist eine charmante Dekoration f\u00fcr Ihr Zuhause. Die Figur ist aus hochwertigem Polyresin gefertigt und in einem warmen Braunton gehalten.<\/p>\n<p>Mit seinen Ma\u00dfen von 10x6x21 cm ist das Kaninchen ein Blickfang auf Regalen, Kommoden oder Fensterb\u00e4nken. Es f\u00fcgt jedem Raum eine gem\u00fctliche und einladende Note hinzu.<\/p>\n<p>Informationen zur Produktsicherheit<\/p>\n<p>Farbe:\tBraun<br \/>\nBreite:\t6 cm<br \/>\nH\u00f6he:\t21 cm<br \/>\nAnlass:\tOstern<br \/>\nProduktart:\tDekoelement<br \/>\nStil:\tLandhausstil<br \/>\nL\u00e4nge:\t10 cm<br \/>\nArtikelgewicht:\t0,55 kg<br \/>\nAbmessungen ( L\u00e4nge \u00d7 Breite \u00d7 H\u00f6he ):\t10,00 \u00d7 6,00 \u00d7 21,00 cm<\/p>\n","protected":false},"featured_media":2841,"template":"","meta":[],"product_cat":[15,74,80,72,73,69,70],"product_tag":[],"class_list":["post-2840","product","type-product","status-publish","has-post-thumbnail","hentry","product_cat-uncategorized","product_cat-deko","product_cat-gr","product_cat-garten","product_cat-gs","product_cat-ostern","product_cat-sonstiges"],"_links":{"self":[{"href":"https:\/\/hobi24.de\/de\/wp-json\/wp\/v2\/product\/2840","targetHints":{"allow":["GET"]}}],"collection":[{"href":"https:\/\/hobi24.de\/de\/wp-json\/wp\/v2\/product"}],"about":[{"href":"https:\/\/hobi24.de\/de\/wp-json\/wp\/v2\/types\/product"}],"wp:featuredmedia":[{"embeddable":true,"href":"https:\/\/hobi24.de\/de\/wp-json\/wp\/v2\/media\/2841"}],"wp:attachment":[{"href":"https:\/\/hobi24.de\/de\/wp-json\/wp\/v2\/media?parent=2840"}],"wp:term":[{"taxonomy":"product_cat","embeddable":true,"href":"https:\/\/hobi24.de\/de\/wp-json\/wp\/v2\/product_cat?post=2840"},{"taxonomy":"product_tag","embeddable":true,"href":"https:\/\/hobi24.de\/de\/wp-json\/wp\/v2\/product_tag?post=2840"}],"curies":[{"name":"wp","href":"https:\/\/api.w.org\/{rel}","templated":true}]}}