{"id":2835,"date":"2025-12-31T01:44:09","date_gmt":"2025-12-31T00:44:09","guid":{"rendered":"https:\/\/hobi24.de\/?post_type=product&#038;p=2835"},"modified":"2025-12-31T01:47:08","modified_gmt":"2025-12-31T00:47:08","slug":"clayre-eef-dekoration-kaninchen-6x4x13-cm-braun-6pr3089ch","status":"publish","type":"product","link":"https:\/\/hobi24.de\/de\/product\/clayre-eef-dekoration-kaninchen-6x4x13-cm-braun-6pr3089ch\/","title":{"rendered":"Clayre &#038; Eef Dekoration Kaninchen 6x4x13 cm braun 6PR3089CH"},"content":{"rendered":"<p>Clayre &#038; Eef Dekoration Kaninchen 6x4x13 cm braun 6PR3089CH<\/p>\n<p>Artikelnummer: 6PR3089CH Clayre Eef<br \/>\nEAN: 8717459754478<br \/>\nKategorie: Dekoration zum Hinstellen<\/p>\n<p>Dekoration Kaninchen 6x4x13 cm braun 6PR3089CH<\/p>\n<p>Dekoration Kaninchen von Clayre &#038; Eef<br \/>\nMaterial: Polyresin<br \/>\nFarbe: braun<br \/>\nGr\u00f6\u00dfe: 6x4x13 cm<br \/>\nDieses bezaubernde Kaninchen ist eine wundervolle Dekoration f\u00fcr Ihr Zuhause. Die Figur ist aus hochwertigem Polyresin gefertigt und in einem warmen Braunton gehalten.<\/p>\n<p>Mit seinen Ma\u00dfen von 6x4x13 cm findet das Kaninchen \u00fcberall einen Platz und sorgt f\u00fcr einen Hauch von Niedlichkeit. Es ist eine ideale Erg\u00e4nzung f\u00fcr Regale, Fensterb\u00e4nke oder andere dekorative Arrangements.<\/p>\n<p>Informationen zur Produktsicherheit<\/p>\n<p>Farbe:\tBraun<br \/>\nBreite:\t4 cm<br \/>\nH\u00f6he:\t13 cm<br \/>\nAnlass:\tOstern<br \/>\nProduktart:\tDekoelement<br \/>\nL\u00e4nge:\t6 cm<br \/>\nArtikelgewicht:\t0,35 kg<br \/>\nAbmessungen ( L\u00e4nge \u00d7 Breite \u00d7 H\u00f6he ):\t6,00 \u00d7 4,00 \u00d7 13,00 cm<\/p>\n","protected":false},"excerpt":{"rendered":"<p>Artikelnummer: 6PR3089CH Clayre Eef<br \/>\nEAN: 8717459754478<br \/>\nKategorie: Dekoration zum Hinstellen<\/p>\n","protected":false},"featured_media":2836,"template":"","meta":[],"product_cat":[15,74,80,72,69,70],"product_tag":[],"class_list":["post-2835","product","type-product","status-publish","has-post-thumbnail","hentry","product_cat-uncategorized","product_cat-deko","product_cat-gr","product_cat-garten","product_cat-ostern","product_cat-sonstiges"],"_links":{"self":[{"href":"https:\/\/hobi24.de\/de\/wp-json\/wp\/v2\/product\/2835","targetHints":{"allow":["GET"]}}],"collection":[{"href":"https:\/\/hobi24.de\/de\/wp-json\/wp\/v2\/product"}],"about":[{"href":"https:\/\/hobi24.de\/de\/wp-json\/wp\/v2\/types\/product"}],"wp:featuredmedia":[{"embeddable":true,"href":"https:\/\/hobi24.de\/de\/wp-json\/wp\/v2\/media\/2836"}],"wp:attachment":[{"href":"https:\/\/hobi24.de\/de\/wp-json\/wp\/v2\/media?parent=2835"}],"wp:term":[{"taxonomy":"product_cat","embeddable":true,"href":"https:\/\/hobi24.de\/de\/wp-json\/wp\/v2\/product_cat?post=2835"},{"taxonomy":"product_tag","embeddable":true,"href":"https:\/\/hobi24.de\/de\/wp-json\/wp\/v2\/product_tag?post=2835"}],"curies":[{"name":"wp","href":"https:\/\/api.w.org\/{rel}","templated":true}]}}