{"id":2824,"date":"2025-12-31T01:40:57","date_gmt":"2025-12-31T00:40:57","guid":{"rendered":"https:\/\/hobi24.de\/?post_type=product&#038;p=2824"},"modified":"2025-12-31T01:41:09","modified_gmt":"2025-12-31T00:41:09","slug":"clayre-eef-6pr5038-deko-kaninchen-braun-blau-26x21x46-cm","status":"publish","type":"product","link":"https:\/\/hobi24.de\/de\/product\/clayre-eef-6pr5038-deko-kaninchen-braun-blau-26x21x46-cm\/","title":{"rendered":"Clayre &#038; Eef 6PR5038 Deko-Kaninchen Braun Blau 26x21x46 cm"},"content":{"rendered":"<p>Clayre &#038; Eef 6PR5038 Deko-Kaninchen Braun Blau 26x21x46 cm<\/p>\n<p>Artikelnummer: 6PR5038 Clayre Eef<br \/>\nEAN: 8720898046677<br \/>\nKategorie: Osterdekoration<\/p>\n<p>Clayre &#038; Eef 6PR5038 Deko Kaninchen Braun Blau 26x21x46 cm<\/p>\n<p>Marke: Clayre &#038; Eef<br \/>\nArtikelnummer: 6PR5038<br \/>\nMaterial: Polyresin<br \/>\nFarbe: Braun\/Blau<br \/>\nMa\u00dfe: 26x21x46 cm<br \/>\nDas charmante Deko-Kaninchen von Clayre &#038; Eef bringt verspielte Eleganz und l\u00e4ndlichen Charme in Ihre vier W\u00e4nde. Gefertigt aus hochwertigem Polyresin \u00fcberzeugt es mit stabiler Verarbeitung und einer detailverliebten Gestaltung. Mit seinen stattlichen Ma\u00dfen von 26 x 21 x 46 cm ist dieses Kaninchen ein eindrucksvolles Element f\u00fcr die stilvolle Raumdekoration.<\/p>\n<p>Die Farbkombination aus warmem Braun und zartem Blau verleiht dem Kaninchen eine freundliche Ausstrahlung. In seinen Pfoten h\u00e4lt es einen dekorativen Blumentopf, der sich hervorragend f\u00fcr saisonale Pflanzen oder florale Akzente eignet. Ob auf dem Sideboard, im Eingangsbereich oder als liebevoller Blickfang zu Ostern \u2013 dieses Deko-Kaninchen passt ideal in jedes Ambiente im Landhausstil und zaubert eine wohnliche Atmosph\u00e4re in Ihr Zuhause.<\/p>\n<p>Informationen zur Produktsicherheit<\/p>\n<p>Farbe:\tBraun<br \/>\nMaterial:\tPolyharz<br \/>\nBreite:\t21 cm<br \/>\nH\u00f6he:\t46 cm<br \/>\nAnlass:\tOstern<br \/>\nAufh\u00e4ngung:\tzum Stellen<br \/>\nProduktart:\tDekoelement<br \/>\nStil:\tLandhausstil<br \/>\nL\u00e4nge:\t26 cm<br \/>\nArtikelgewicht:\t1,93 kg<br \/>\nAbmessungen ( L\u00e4nge \u00d7 Breite \u00d7 H\u00f6he ):\t26,00 \u00d7 21,00 \u00d7 46,00 cm<\/p>\n","protected":false},"excerpt":{"rendered":"<p>Artikelnummer: 6PR5038 Clayre Eef<br \/>\nEAN: 8720898046677<br \/>\nKategorie: Osterdekoration<\/p>\n","protected":false},"featured_media":2825,"template":"","meta":[],"product_cat":[15,74,80,72,69,70],"product_tag":[],"class_list":["post-2824","product","type-product","status-publish","has-post-thumbnail","hentry","product_cat-uncategorized","product_cat-deko","product_cat-gr","product_cat-garten","product_cat-ostern","product_cat-sonstiges"],"_links":{"self":[{"href":"https:\/\/hobi24.de\/de\/wp-json\/wp\/v2\/product\/2824","targetHints":{"allow":["GET"]}}],"collection":[{"href":"https:\/\/hobi24.de\/de\/wp-json\/wp\/v2\/product"}],"about":[{"href":"https:\/\/hobi24.de\/de\/wp-json\/wp\/v2\/types\/product"}],"wp:featuredmedia":[{"embeddable":true,"href":"https:\/\/hobi24.de\/de\/wp-json\/wp\/v2\/media\/2825"}],"wp:attachment":[{"href":"https:\/\/hobi24.de\/de\/wp-json\/wp\/v2\/media?parent=2824"}],"wp:term":[{"taxonomy":"product_cat","embeddable":true,"href":"https:\/\/hobi24.de\/de\/wp-json\/wp\/v2\/product_cat?post=2824"},{"taxonomy":"product_tag","embeddable":true,"href":"https:\/\/hobi24.de\/de\/wp-json\/wp\/v2\/product_tag?post=2824"}],"curies":[{"name":"wp","href":"https:\/\/api.w.org\/{rel}","templated":true}]}}