{"id":2806,"date":"2025-12-31T01:25:40","date_gmt":"2025-12-31T00:25:40","guid":{"rendered":"https:\/\/hobi24.de\/?post_type=product&#038;p=2806"},"modified":"2025-12-31T01:25:51","modified_gmt":"2025-12-31T00:25:51","slug":"clayre-eef-6pr3182-dekoration-kaninchen-junge-11x10x37-cm-mehrfarbig","status":"publish","type":"product","link":"https:\/\/hobi24.de\/de\/product\/clayre-eef-6pr3182-dekoration-kaninchen-junge-11x10x37-cm-mehrfarbig\/","title":{"rendered":"Clayre &#038; Eef 6PR3182 Dekoration Kaninchen Junge 11x10x37 cm mehrfarbig"},"content":{"rendered":"<p>Clayre &#038; Eef 6PR3182 Dekoration Kaninchen Junge 11x10x37 cm mehrfarbig<\/p>\n<p>Artikelnummer: 6PR3182 Clayre Eef<br \/>\nEAN: 8717459761605<br \/>\nKategorie: Osterdekoration<\/p>\n<p>Clayre &#038; Eef 6PR3182 Dekoration Kaninchen Junge 11x10x37 cm mehrfarbig<\/p>\n<p>Dekofigur &#8222;Kaninchen Junge&#8220;<br \/>\nMa\u00dfe: 11x10x37 cm<br \/>\nMaterial: Polyresin<br \/>\nFarbe: Grau\/Wei\u00df mit goldenen Details<br \/>\nStilvolle Bekleidung<br \/>\nDieser charmante Kaninchenjunge von Clayre &#038; Eef verleiht Ihrem Zuhause eine elegante Note. Die detailreiche Figur ist aus hochwertigem Polyresin gefertigt und besticht durch ihr stilvolles Outfit. Das Kaninchen pr\u00e4sentiert sich in einem fein gestalteten Anzug mit goldenen Akzenten an Weste und Schleife.<\/p>\n<p>Die mehrfarbige Gestaltung in dezenten Grau- und Wei\u00dft\u00f6nen harmoniert wunderbar mit verschiedenen Einrichtungsstilen. Ob auf dem B\u00fccherregal, dem Kaminsims oder dem Empfangstisch \u2013 dieses dekorative Kaninchen ist ein echter Blickfang.<\/p>\n<p>Die Figur ist nicht nur eine sch\u00f6ne Dekoration f\u00fcr Ihr eigenes Zuhause, sondern auch ein ideales Geschenk f\u00fcr Liebhaber ausgefallener Dekoration und Tierfiguren. Bringen Sie mit diesem charmanten Kaninchenjungen ein St\u00fcck Fantasie in Ihr Interieur!<\/p>\n","protected":false},"excerpt":{"rendered":"<p>Artikelnummer: 6PR3182 Clayre Eef<br \/>\nEAN: 8717459761605<br \/>\nKategorie: Osterdekoration<\/p>\n<p>Clayre &#038; Eef 6PR3182 Dekoration Kaninchen Junge 11x10x37 cm mehrfarbig<\/p>\n<p>Dekofigur &#8222;Kaninchen Junge&#8220;<br \/>\nMa\u00dfe: 11x10x37 cm<br \/>\nMaterial: Polyresin<br \/>\nFarbe: Grau\/Wei\u00df mit goldenen Details<br \/>\nStilvolle Bekleidung<br \/>\nDieser charmante Kaninchenjunge von Clayre &#038; Eef verleiht Ihrem Zuhause eine elegante Note. Die detailreiche Figur ist aus hochwertigem Polyresin gefertigt und besticht durch ihr stilvolles Outfit. Das Kaninchen pr\u00e4sentiert sich in einem fein gestalteten Anzug mit goldenen Akzenten an Weste und Schleife.<\/p>\n<p>Die mehrfarbige Gestaltung in dezenten Grau- und Wei\u00dft\u00f6nen harmoniert wunderbar mit verschiedenen Einrichtungsstilen. Ob auf dem B\u00fccherregal, dem Kaminsims oder dem Empfangstisch \u2013 dieses dekorative Kaninchen ist ein echter Blickfang.<\/p>\n<p>Die Figur ist nicht nur eine sch\u00f6ne Dekoration f\u00fcr Ihr eigenes Zuhause, sondern auch ein ideales Geschenk f\u00fcr Liebhaber ausgefallener Dekoration und Tierfiguren. Bringen Sie mit diesem charmanten Kaninchenjungen ein St\u00fcck Fantasie in Ihr Interieur!<\/p>\n","protected":false},"featured_media":2807,"template":"","meta":[],"product_cat":[15],"product_tag":[],"class_list":["post-2806","product","type-product","status-publish","has-post-thumbnail","hentry","product_cat-uncategorized"],"_links":{"self":[{"href":"https:\/\/hobi24.de\/de\/wp-json\/wp\/v2\/product\/2806","targetHints":{"allow":["GET"]}}],"collection":[{"href":"https:\/\/hobi24.de\/de\/wp-json\/wp\/v2\/product"}],"about":[{"href":"https:\/\/hobi24.de\/de\/wp-json\/wp\/v2\/types\/product"}],"wp:featuredmedia":[{"embeddable":true,"href":"https:\/\/hobi24.de\/de\/wp-json\/wp\/v2\/media\/2807"}],"wp:attachment":[{"href":"https:\/\/hobi24.de\/de\/wp-json\/wp\/v2\/media?parent=2806"}],"wp:term":[{"taxonomy":"product_cat","embeddable":true,"href":"https:\/\/hobi24.de\/de\/wp-json\/wp\/v2\/product_cat?post=2806"},{"taxonomy":"product_tag","embeddable":true,"href":"https:\/\/hobi24.de\/de\/wp-json\/wp\/v2\/product_tag?post=2806"}],"curies":[{"name":"wp","href":"https:\/\/api.w.org\/{rel}","templated":true}]}}