{"id":2737,"date":"2025-12-28T16:32:44","date_gmt":"2025-12-28T15:32:44","guid":{"rendered":"https:\/\/hobi24.de\/?post_type=product&#038;p=2737"},"modified":"2025-12-31T01:08:22","modified_gmt":"2025-12-31T00:08:22","slug":"clayre-eef-dekoration-kaninchen-13x11x33-cm-silber-6pr3092zi","status":"publish","type":"product","link":"https:\/\/hobi24.de\/de\/product\/clayre-eef-dekoration-kaninchen-13x11x33-cm-silber-6pr3092zi\/","title":{"rendered":"Clayre &#038; Eef Dekoration Kaninchen 13x11x33 cm silber 6PR3092ZI"},"content":{"rendered":"<p>Clayre &#038; Eef Dekoration Kaninchen 13x11x33 cm silber 6PR3092ZI<\/p>\n<p>Artikelnummer: 6PR3092ZI Clayre Eef<br \/>\nEAN: 8717459754508<\/p>\n<p>Dekoration Kaninchen 13x11x33 cm silber 6PR3092ZI<\/p>\n<p>Material: Polyresin<br \/>\nFarbe: silber<br \/>\nGr\u00f6\u00dfe: 13x11x33 cm<\/p>\n","protected":false},"excerpt":{"rendered":"<p>Dekoration Kaninchen 13x11x33 cm silber 6PR3092ZI<\/p>\n<p>Material: Polyresin<br \/>\nFarbe: silber<br \/>\nGr\u00f6\u00dfe: 13x11x33 cm<\/p>\n<p>Dieses stilvolle Dekoration Kaninchen von Clayre &#038; Eef ist die perfekte Erg\u00e4nzung f\u00fcr Ihr Zuhause. Die silberne Farbgebung und das hochwertige Polyresin-Material machen es zu einem langlebigen und ansprechenden Blickfang.<\/p>\n<p>Mit seinen Abmessungen von 13x11x33 cm findet das Kaninchen sicher einen sch\u00f6nen Platz in Ihrem Wohnzimmer, Flur oder Schlafzimmer. Es ist eine charmante Dekoration, die jedem Raum eine besondere Note verleiht.<\/p>\n<p>Farbe:\tSilber<br \/>\nBreite:\t11 cm<br \/>\nH\u00f6he:\t33 cm<br \/>\nAnlass:\tOstern<br \/>\nProduktart:\tDekoelement<br \/>\nStil:\tLandhausstil<br \/>\nL\u00e4nge:\t13 cm<br \/>\nArtikelgewicht:\t0,40 kg<br \/>\nAbmessungen ( L\u00e4nge \u00d7 Breite \u00d7 H\u00f6he ):\t13,00 \u00d7 11,00 \u00d7 33,00 cm<\/p>\n","protected":false},"featured_media":2738,"template":"","meta":[],"product_cat":[15,74,80,72,73,69,70],"product_tag":[],"class_list":["post-2737","product","type-product","status-publish","has-post-thumbnail","hentry","product_cat-uncategorized","product_cat-deko","product_cat-gr","product_cat-garten","product_cat-gs","product_cat-ostern","product_cat-sonstiges"],"_links":{"self":[{"href":"https:\/\/hobi24.de\/de\/wp-json\/wp\/v2\/product\/2737","targetHints":{"allow":["GET"]}}],"collection":[{"href":"https:\/\/hobi24.de\/de\/wp-json\/wp\/v2\/product"}],"about":[{"href":"https:\/\/hobi24.de\/de\/wp-json\/wp\/v2\/types\/product"}],"wp:featuredmedia":[{"embeddable":true,"href":"https:\/\/hobi24.de\/de\/wp-json\/wp\/v2\/media\/2738"}],"wp:attachment":[{"href":"https:\/\/hobi24.de\/de\/wp-json\/wp\/v2\/media?parent=2737"}],"wp:term":[{"taxonomy":"product_cat","embeddable":true,"href":"https:\/\/hobi24.de\/de\/wp-json\/wp\/v2\/product_cat?post=2737"},{"taxonomy":"product_tag","embeddable":true,"href":"https:\/\/hobi24.de\/de\/wp-json\/wp\/v2\/product_tag?post=2737"}],"curies":[{"name":"wp","href":"https:\/\/api.w.org\/{rel}","templated":true}]}}