{"id":2613,"date":"2025-09-07T22:23:53","date_gmt":"2025-09-07T21:23:53","guid":{"rendered":"https:\/\/hobi24.de\/?post_type=product&#038;p=2613"},"modified":"2025-09-07T22:25:19","modified_gmt":"2025-09-07T21:25:19","slug":"clayre-eef-dekoration-bueste-bueste-171764-cm-weisser-stein-rechteck-dekofigur-dekoratives-zubehoer","status":"publish","type":"product","link":"https:\/\/hobi24.de\/de\/product\/clayre-eef-dekoration-bueste-bueste-171764-cm-weisser-stein-rechteck-dekofigur-dekoratives-zubehoer\/","title":{"rendered":"Clayre &#038; Eef Dekoration B\u00fcste B\u00fcste 17*17*64 cm Wei\u00dfer Stein Rechteck Dekofigur Dekoratives Zubeh\u00f6r"},"content":{"rendered":"<p><strong>Clayre &amp; Eef Dekoration B\u00fcste B\u00fcste 17*17*64 cm Wei\u00dfer Stein Rechteck Dekofigur Dekoratives Zubeh\u00f6r<\/strong><\/p>\n<p><strong>\u00a0<\/strong><\/p>\n<p>&nbsp;<\/p>\n<ul>\n<li>Farbe: Wei\u00df<\/li>\n<li>Material: Magnesiumoxid (MGO)<\/li>\n<li>Gr\u00f6\u00dfe: 17*17*64 cm<\/li>\n<li>Marke: Clayre &amp; Eef<\/li>\n<li>Artikelnummer: 5MG0005<\/li>\n<\/ul>\n","protected":false},"excerpt":{"rendered":"<p><strong>Clayre &amp; Eef Dekoration B\u00fcste B\u00fcste 17*17*64 cm Wei\u00dfer Stein Rechteck Dekofigur Dekoratives Zubeh\u00f6r<\/strong><\/p>\n<p><strong>\u00a0<\/strong><\/p>\n<ul>\n<li>Farbe: Wei\u00df<\/li>\n<li>Material: Magnesiumoxid (MGO)<\/li>\n<li>Gr\u00f6\u00dfe: 17*17*64 cm<\/li>\n<li>Marke: Clayre &amp; Eef<\/li>\n<li>Artikelnummer: 5MG0005<\/li>\n<\/ul>\n","protected":false},"featured_media":2614,"template":"","meta":[],"product_cat":[15,74,72,81,79],"product_tag":[],"class_list":["post-2613","product","type-product","status-publish","has-post-thumbnail","hentry","product_cat-uncategorized","product_cat-deko","product_cat-garten","product_cat-hs","product_cat-wd"],"_links":{"self":[{"href":"https:\/\/hobi24.de\/de\/wp-json\/wp\/v2\/product\/2613","targetHints":{"allow":["GET"]}}],"collection":[{"href":"https:\/\/hobi24.de\/de\/wp-json\/wp\/v2\/product"}],"about":[{"href":"https:\/\/hobi24.de\/de\/wp-json\/wp\/v2\/types\/product"}],"wp:featuredmedia":[{"embeddable":true,"href":"https:\/\/hobi24.de\/de\/wp-json\/wp\/v2\/media\/2614"}],"wp:attachment":[{"href":"https:\/\/hobi24.de\/de\/wp-json\/wp\/v2\/media?parent=2613"}],"wp:term":[{"taxonomy":"product_cat","embeddable":true,"href":"https:\/\/hobi24.de\/de\/wp-json\/wp\/v2\/product_cat?post=2613"},{"taxonomy":"product_tag","embeddable":true,"href":"https:\/\/hobi24.de\/de\/wp-json\/wp\/v2\/product_tag?post=2613"}],"curies":[{"name":"wp","href":"https:\/\/api.w.org\/{rel}","templated":true}]}}