{"id":2270,"date":"2024-04-11T23:49:16","date_gmt":"2024-04-11T22:49:16","guid":{"rendered":"https:\/\/hobi24.de\/?post_type=product&#038;p=2270"},"modified":"2026-01-28T21:52:53","modified_gmt":"2026-01-28T20:52:53","slug":"sidra-maximum-power-plus","status":"publish","type":"product","link":"https:\/\/hobi24.de\/de\/product\/sidra-maximum-power-plus\/","title":{"rendered":"SIDRA MAXIMUM POWER PLUS"},"content":{"rendered":"<p><strong>\u0130\u00e7indekiler:<\/strong>\u00a0Ginseng Ekstrakt (%1.6), Bal, Harnup Pekmezi, Ar\u0131 S\u00fct\u00fc Ekstrakt, Ginko Bloba Ekstrakt, Propolis Ekstrakt, K\u0131na K\u0131na, Kebabiye, Zencefil, Zerde\u00e7al, \u00c7ak\u015f\u0131r K\u00f6k\u00fc, Tar\u00e7\u0131n, \u00c7\u00f6rek Otu<\/p>\n<p><strong>Ingredients:<\/strong>\u00a0Ginseng Extrakt (%1.6), Honey, Carob Molasses, Royal Jelly, Gingko Bloba Extrakt, Propolis Extrakt, Cinchona, Fructus Cubebae, Ginger, Curcuma, Ferula Communis, Cinnamon, Black Cumin<\/p>\n<p class=\"gt-block\"><b>Mesir Paste<\/b>\u00a0ist ein traditionelles\u00a0<b>T\u00fcrkisch s\u00fc\u00df<\/b>\u00a0geglaubt, um eine therapeutische Wirkung zu haben.\u00a0<b>Mesir Paste<\/b>\u00a0wurde w\u00e4hrend der Zeit des Osmanischen Reiches als Medizin gegr\u00fcndet, wurde aber sp\u00e4ter ein wichtiger Bestandteil des lokalen Festes in der Stadt Manisa.<\/p>\n<p>Dieses Produkt ist f\u00fcr 48 Stunden in Ihrem K\u00f6rper wirksam. Es ist zur Anwendung in allt\u00e4glichen sexuellen Situationen geeignet und kann auch zur Behandlung Ihrer sexuellen Probleme verwendet werden.<\/p>\n<p class=\"gt-block\"><strong>Wie verwende ich Sidra Maximum Power Plus + Epimedium Paste?<\/strong><\/p>\n<p class=\"gt-block\">Sowohl M\u00e4nner als auch Frauen k\u00f6nnen das Sidra Special nutzen\u00a0<strong>Epimedium<\/strong>\u00a0T\u00fcrkische Honigmischung. Das<strong>\u00a0Kraftpasten<\/strong>\u00a0mit den enthaltenen Komponenten erstellt sollte einmal am Tag so viel wie ein Teel\u00f6ffel verwendet werden. Es wird empfohlen, mit vollem Magen zu verwenden. Wir empfehlen daher die Verwendung des sogenannten Extents.<\/p>\n<p class=\"gt-block\"><strong>Sidra Special Epimedium T\u00fcrkische Honigmischung<\/strong>\u00a0hat auch einen Behandlungseffekt. Sie k\u00f6nnen es t\u00e4glich verwenden. Jeden Morgen einen Essl\u00f6ffel. Wenn Sie Kopfschmerzen haben, keine Panik,\u00a0<b>Mesir Paste mit\u00a0<strong>Epimedium<\/strong><\/b>\u00a0ist nat\u00fcrliches Essen. Reduzieren Sie einfach die Dosierung der Paste. So finden Sie eine wirksame und geeignete Dosierung f\u00fcr sich. Wenn Sie es f\u00fcr einen bestimmten Moment verwenden m\u00f6chten, verwenden Sie es bitte 1 Essl\u00f6ffel vor 2 Stunden vor der Aktion.<\/p>\n<p>Bei M\u00e4nnern wird zus\u00e4tzlich zur erektilen Dysfunktion (m\u00e4nnliche Impotenz) eine Erh\u00f6hung der Spermien- und Sexualf\u00fclle sowie bei Frauen eine Verringerung des nach der Menstruation auftretenden Stresses verabreicht.<\/p>\n<p>Eine erstaunliche \u00dcberraschung f\u00fcr Sie und Ihre Geliebte<\/p>\n","protected":false},"excerpt":{"rendered":"<p><strong>Color:<\/strong> Golden color<br \/>\n<strong>Size:<\/strong> 12x8x16 cm<br \/>\n<strong>Material:<\/strong> Polyresin<br \/>\n<strong>Style:<\/strong> Classic<br \/>\n<strong>Weight:<\/strong> 1,8 kg<br \/>\n<strong>Length:<\/strong> 12 cm<br \/>\n<strong>Width:<\/strong> 8 cm<br \/>\n<strong>Height:<\/strong> 16 cm<\/p>\n","protected":false},"featured_media":2271,"template":"","meta":[],"product_cat":[83,73,81,84,79,89],"product_tag":[],"class_list":["post-2270","product","type-product","status-publish","has-post-thumbnail","hentry","product_cat-b","product_cat-gs","product_cat-hs","product_cat-rg","product_cat-wd","product_cat-natur"],"_links":{"self":[{"href":"https:\/\/hobi24.de\/de\/wp-json\/wp\/v2\/product\/2270","targetHints":{"allow":["GET"]}}],"collection":[{"href":"https:\/\/hobi24.de\/de\/wp-json\/wp\/v2\/product"}],"about":[{"href":"https:\/\/hobi24.de\/de\/wp-json\/wp\/v2\/types\/product"}],"wp:featuredmedia":[{"embeddable":true,"href":"https:\/\/hobi24.de\/de\/wp-json\/wp\/v2\/media\/2271"}],"wp:attachment":[{"href":"https:\/\/hobi24.de\/de\/wp-json\/wp\/v2\/media?parent=2270"}],"wp:term":[{"taxonomy":"product_cat","embeddable":true,"href":"https:\/\/hobi24.de\/de\/wp-json\/wp\/v2\/product_cat?post=2270"},{"taxonomy":"product_tag","embeddable":true,"href":"https:\/\/hobi24.de\/de\/wp-json\/wp\/v2\/product_tag?post=2270"}],"curies":[{"name":"wp","href":"https:\/\/api.w.org\/{rel}","templated":true}]}}