{"id":2266,"date":"2024-04-11T23:43:41","date_gmt":"2024-04-11T22:43:41","guid":{"rendered":"https:\/\/hobi24.de\/?post_type=product&#038;p=2266"},"modified":"2024-04-11T23:45:30","modified_gmt":"2024-04-11T22:45:30","slug":"spanisch-power-drops-sexuelles-stimulans-15-ml-weibliche-libido-enhancer-tropfen-fuer-maenner-und-frauen","status":"publish","type":"product","link":"https:\/\/hobi24.de\/de\/product\/spanisch-power-drops-sexuelles-stimulans-15-ml-weibliche-libido-enhancer-tropfen-fuer-maenner-und-frauen\/","title":{"rendered":"Spanisch Power Drops Sexuelles Stimulans 15 ml Weibliche Libido Enhancer Tropfen f\u00fcr M\u00e4nner und Frauen"},"content":{"rendered":"<p>Spanische Power Drops extra luststeigernd und erotisierend f\u00fcr M\u00e4nner und Frauen<\/p>\n<p>Spanische Fliege extra ist st\u00e4rker dosiert als normale Spanische Fliege.<\/p>\n<p>Anwendung: Tr\u00e4ufeln Sie sich ungef\u00e4hr 30 Minuten vor der sexuellen Aktivit\u00e4t 3ml (15 Tropfen unter die Zunge oder in ein Getr\u00e4nk).<\/p>\n<p>Nehmen Sie innerhalb von 24 Stunden nicht mehr als 3 ml ein. Die angegebene, empfohlene t\u00e4gliche Verzehrmenge darf nicht \u00fcberschritten werden.<\/p>\n<p>Inhalt: 15 ml<\/p>\n<p>F\u00fcr Kinder unzug\u00e4nglich aufbewahren. An einem k\u00fchlen, trockenen Ort aufbewahren.<\/p>\n<p>Diskrete Verpackung, Schnelle und zuverl\u00e4ssige Lieferung.<\/p>\n<p>Eigenschaften:<\/p>\n<p>\u2013 F\u00f6rdert die sexuelle Leistungsf\u00e4higkeit<\/p>\n<p>\u2013 Stimuliert die erotische Energie<\/p>\n<p>\u2013 Unterst\u00fctzt die innerliche Vitalit\u00e4t<\/p>\n<p>\u2013 Stimuliert die sexuelle Lust und Intimit\u00e4t Spanish Power<\/p>\n<p>Hot Passion regt auf einzigartige Weise die Lust an und erh\u00f6ht die sexuelle Energie und erotische Spannung.<\/p>\n<p>Diese Tropfen sorgen f\u00fcr eine erotische Stimulation und mehr Verlangen.<\/p>\n<p>F\u00fcr eine optimale sexuelle Leistungsf\u00e4higkeit und noch mehr Genuss\u2026<\/p>\n<p>Wie funktioniert das Produkt ?<\/p>\n<p>Dieses einzigartige Produkt steigert das sexuelle Verlangen auf nat\u00fcrliche Weise.<\/p>\n<p>Die Tropfen werden einfach und schnell vom K\u00f6rper aufgenommen und bieten einen sexuellen Impuls.<\/p>\n<p>Die ausgewogene Formel hat dank L-\u00adArginin HCL, dem Hauptwirkstoff dieses Produktes, vor allem eine stimulierende Eigenschaft.<\/p>\n<p>L-\u00adArginin HCL regt die Durchblutung zu und in den Genitalien an, was einen positiven Effekt auf die sexuelle Leistungsf\u00e4higkeit hat.<\/p>\n<p>Vitamin C stellt ein gesundes Funktionieren des Nervensystems sicher und sorgt f\u00fcr eine optimale Energieversorgung des K\u00f6rpers.<\/p>\n<p>Dies f\u00f6rdert die Ausdauer und die sexuelle Energie, was sich positiv auf das sexuelle Verlangen auswirkt.<\/p>\n<p>&nbsp;<\/p>\n<p>Diskrete Verpackung, Schnelle und zuverl\u00e4ssige Lieferung.<\/p>\n","protected":false},"excerpt":{"rendered":"<p>Spanische Power Drops extra luststeigernd und erotisierend f\u00fcr M\u00e4nner und Frauen Spanische Fliege extra ist st\u00e4rker dosiert als normale Spanische Fliege. Anwendung: Tr\u00e4ufeln Sie sich ungef\u00e4hr 30 Minuten vor der sexuellen Aktivit\u00e4t 3ml (15 Tropfen unter die Zunge oder in ein Getr\u00e4nk). Nehmen Sie innerhalb von 24 Stunden nicht mehr als 3 ml ein. Die [&#8230;]\n","protected":false},"featured_media":2267,"template":"","meta":[],"product_cat":[15,83,73,81,84,70,79,89],"product_tag":[],"class_list":["post-2266","product","type-product","status-publish","has-post-thumbnail","hentry","product_cat-uncategorized","product_cat-b","product_cat-gs","product_cat-hs","product_cat-rg","product_cat-sonstiges","product_cat-wd","product_cat-natur"],"_links":{"self":[{"href":"https:\/\/hobi24.de\/de\/wp-json\/wp\/v2\/product\/2266","targetHints":{"allow":["GET"]}}],"collection":[{"href":"https:\/\/hobi24.de\/de\/wp-json\/wp\/v2\/product"}],"about":[{"href":"https:\/\/hobi24.de\/de\/wp-json\/wp\/v2\/types\/product"}],"wp:featuredmedia":[{"embeddable":true,"href":"https:\/\/hobi24.de\/de\/wp-json\/wp\/v2\/media\/2267"}],"wp:attachment":[{"href":"https:\/\/hobi24.de\/de\/wp-json\/wp\/v2\/media?parent=2266"}],"wp:term":[{"taxonomy":"product_cat","embeddable":true,"href":"https:\/\/hobi24.de\/de\/wp-json\/wp\/v2\/product_cat?post=2266"},{"taxonomy":"product_tag","embeddable":true,"href":"https:\/\/hobi24.de\/de\/wp-json\/wp\/v2\/product_tag?post=2266"}],"curies":[{"name":"wp","href":"https:\/\/api.w.org\/{rel}","templated":true}]}}