{"id":2259,"date":"2024-04-11T23:30:25","date_gmt":"2024-04-11T22:30:25","guid":{"rendered":"https:\/\/hobi24.de\/?post_type=product&#038;p=2259"},"modified":"2025-01-20T20:28:19","modified_gmt":"2025-01-20T19:28:19","slug":"3-x-stag-9000-geciktirici-sprey","status":"publish","type":"product","link":"https:\/\/hobi24.de\/de\/product\/3-x-stag-9000-geciktirici-sprey\/","title":{"rendered":"3 x Stag 9000 Geciktirici Sprey"},"content":{"rendered":"<p>Stag 9000 delay spray formen ist eine aus Deutschland\u00a0 nat\u00fcrliche Formel. Stag 9000 ist ein nat\u00fcrliches Spray mit Kr\u00e4uterextrakten f\u00fcr M\u00e4nner. Stag 9000 Verz\u00f6gerungsformen Spray hergestellt mit Pflanzen\u00f6len enth\u00e4lt Substanzen wie Nelken\u00f6l, Minzblatt\u00f6l und Sesam\u00f6l. Stag 9000 Spray wird als Spray zur komfortablen Anwendung hergestellt. Das brandneue Natural stag 9000 delay formen Spray f\u00fcr Herren k\u00f6nnen Sie zu diesem ganz besonderen Preis kaufen. Mit seiner nat\u00fcrlichen Natur k\u00f6nnen Sie beruhigt bestellen. Was ist der Originalinhalt des Stag 9000 Verz\u00f6gerungssprays? Die neue Wahl f\u00fcr M\u00e4nner, nat\u00fcrlicher Inhalt stag 9000 Verz\u00f6gerungsformen Spray, probieren Sie es auf jeden Fall aus. Was ist im Stag 9000 Delay Spray Formen Inhalt enthalten. Es hat eine Formel mit Coryophylli Oleum, Nelken\u00f6l, Viola Odorata, Pfefferminzblatt\u00f6l, Sesami Oleum und Sesam\u00f6l. Informationen zur Verwendung von Stag 9000 Verz\u00f6gerungsspray; Was sind die urspr\u00fcnglichen stag 9000 Delay Spray Formen Anwendungsvorschl\u00e4ge, Effekte und Nebenwirkungen. Stag 9000 delay formen ist 20 ml Spray. Es wird empfohlen, das Spray 5 bis 10 Minuten zu verwenden, bevor 3 bis 5 Spr\u00fchst\u00f6\u00dfe auf die Stelle aufgetragen werden. Gem\u00e4\u00df den Anweisungen auf der Verpackung verwenden. Es ist f\u00fcr den externen Gebrauch. Es wird nicht zur Behandlung von Krankheiten und Beschwerden verwendet. Es ist kein Medikament, sondern ein Nahrungserg\u00e4nzungsmittel. An einem k\u00fchlen und trockenen Ort au\u00dferhalb der Reichweite von Kindern lagern.<\/p>\n","protected":false},"excerpt":{"rendered":"<p>Stag 9000 delay spray formen ist eine aus Deutschland\u00a0 nat\u00fcrliche Formel. Stag 9000 ist ein nat\u00fcrliches Spray mit Kr\u00e4uterextrakten f\u00fcr M\u00e4nner. Stag 9000 Verz\u00f6gerungsformen Spray hergestellt mit Pflanzen\u00f6len enth\u00e4lt Substanzen wie Nelken\u00f6l, Minzblatt\u00f6l und Sesam\u00f6l. Stag 9000 Spray wird als Spray zur komfortablen Anwendung hergestellt. Das brandneue Natural stag 9000 delay formen Spray f\u00fcr Herren [&#8230;]\n","protected":false},"featured_media":2255,"template":"","meta":[],"product_cat":[15,83,73,81,84,70,79,89],"product_tag":[],"class_list":["post-2259","product","type-product","status-publish","has-post-thumbnail","hentry","product_cat-uncategorized","product_cat-b","product_cat-gs","product_cat-hs","product_cat-rg","product_cat-sonstiges","product_cat-wd","product_cat-natur"],"_links":{"self":[{"href":"https:\/\/hobi24.de\/de\/wp-json\/wp\/v2\/product\/2259","targetHints":{"allow":["GET"]}}],"collection":[{"href":"https:\/\/hobi24.de\/de\/wp-json\/wp\/v2\/product"}],"about":[{"href":"https:\/\/hobi24.de\/de\/wp-json\/wp\/v2\/types\/product"}],"wp:featuredmedia":[{"embeddable":true,"href":"https:\/\/hobi24.de\/de\/wp-json\/wp\/v2\/media\/2255"}],"wp:attachment":[{"href":"https:\/\/hobi24.de\/de\/wp-json\/wp\/v2\/media?parent=2259"}],"wp:term":[{"taxonomy":"product_cat","embeddable":true,"href":"https:\/\/hobi24.de\/de\/wp-json\/wp\/v2\/product_cat?post=2259"},{"taxonomy":"product_tag","embeddable":true,"href":"https:\/\/hobi24.de\/de\/wp-json\/wp\/v2\/product_tag?post=2259"}],"curies":[{"name":"wp","href":"https:\/\/api.w.org\/{rel}","templated":true}]}}