{"id":2248,"date":"2024-04-11T23:06:43","date_gmt":"2024-04-11T22:06:43","guid":{"rendered":"https:\/\/hobi24.de\/?post_type=product&#038;p=2248"},"modified":"2025-05-16T10:56:19","modified_gmt":"2025-05-16T09:56:19","slug":"lady-era-dame-aera-weibliche-libido-enhancer-tropfen-30-ml","status":"publish","type":"product","link":"https:\/\/hobi24.de\/de\/product\/lady-era-dame-aera-weibliche-libido-enhancer-tropfen-30-ml\/","title":{"rendered":"LADY ERA Dame \u00c4ra Weibliche Libido Enhancer Tropfen 30 ml"},"content":{"rendered":"<p>LADY ERA Dame \u00c4ra Weibliche Libido Enhancer Tropfen 30 ml aphrodisiakum f\u00fcr frauen, Klitoris und vaginalen orgasmus Koreanische Ginseng Damiana Epimedium<\/p>\n<p>Damen Spezielle Tropfen k\u00f6nnen helfen sie verbringen mehr n\u00e4chte in ihre sexuelle leben.<\/p>\n<p>Der klitoris und vaginalen orgasmus ist ein revolution\u00e4res produkt entwickelt, um live mehr intensiv und intensiv und erh\u00f6hen sexuelle desire.<\/p>\n<p>Es intensiviert die empfindlichkeit der private region, verursacht eine spannende warm-up, und produziert kribbeln und sex hei\u00dfhunger in eine sp\u00fcrbare ebene.<\/p>\n<p>Es ist empfohlen zu nehmen 8-15 tropfen einmal tag in erwachsene frauen im alter von 18 und \u00fcber.<br \/>\nVor gebrauch sch\u00fctteln.<br \/>\nEs k\u00f6nnen hinzugef\u00fcgt werden, um ein glas saft oder any getr\u00e4nk.<br \/>\nEs nicht enthalten farbe, geschmack, geruch.<\/p>\n<p>Wie zu verwenden?<br \/>\nEs ist empfohlen zu nehmen 8 zu 15 tropfen einmal tag in erwachsene frauen im alter von 18 und \u00fcber. Es muss vor dem gebrauch gesch\u00fcttelt. Es k\u00f6nnen hinzugef\u00fcgt werden, um ein glas saft oder any getr\u00e4nk.<\/p>\n<p>Was der in Dame \u00c4ra?<br \/>\nTurnera Diffusa Extrakt (Damiana) Es stimuliert niedrigen libido in frauen und hilft verhindern sexuelle k\u00e4lte.<br \/>\nKorean Ginseng Extrakt (Panax Ginseng) aufgrund seiner anti-oxidative und anti-aging eigenschaften, es wirkt als eine ideale erg\u00e4nzung f\u00fcr libido. Horny Goat Weed Extrakt (Epimedium) Als eine nat\u00fcrliche aphrodisiakum, HGW ist ein kraut, das kann hilfe normalisieren den cortisol ebenen in frauen und reduzieren einige von die negativen auswirkungen von stress auf die k\u00f6rper.<br \/>\nTribulus Terrestris Extrakt (Eisen Distel) Es erh\u00f6ht sexuelle desire, erregung und zufriedenheit in frauen mit niedrigen libido.<br \/>\nGuarana Extrakt (Paullinia Cupana) Guarana f\u00f6rdert sexuelle stimulierung action und anregende eigenschaften.<br \/>\nLepidium Extrakt (Maca Wurzel) N\u00e4hrstoffe in Lepidium inhalt sind sehr n\u00fctzlich f\u00fcr frauen mit sexuelle probleme.<br \/>\nL-Arginin HCL Es kann helfen behandeln viele sexuelle st\u00f6rungen und reproduktive probleme innerhalb der menschlichen k\u00f6rper.<br \/>\nL-Ascorbins\u00e4ure (Vitamin C) Lebensmittel reich an vitamin C sind verbunden besser libido ebenen, vor allem in frauen.<br \/>\nNicotinamid (NADH \u2013 Vitamin B3) frauen Gesundheit forschung zeigt, dass frauen, die nicht haben genug niacin oder vitamin B3 in ihre geb\u00e4rmutter haben bestimmt, dass sie nicht orgasmus.<\/p>\n","protected":false},"excerpt":{"rendered":"<p>LADY ERA Dame \u00c4ra Weibliche Libido Enhancer Tropfen 30 ml aphrodisiakum f\u00fcr frauen, Klitoris und vaginalen orgasmus Koreanische Ginseng Damiana Epimedium Damen Spezielle Tropfen k\u00f6nnen helfen sie verbringen mehr n\u00e4chte in ihre sexuelle leben. Der klitoris und vaginalen orgasmus ist ein revolution\u00e4res produkt entwickelt, um live mehr intensiv und intensiv und erh\u00f6hen sexuelle desire. Es [&#8230;]\n","protected":false},"featured_media":2249,"template":"","meta":[],"product_cat":[15,83,73,81,84,70,79,89],"product_tag":[],"class_list":["post-2248","product","type-product","status-publish","has-post-thumbnail","hentry","product_cat-uncategorized","product_cat-b","product_cat-gs","product_cat-hs","product_cat-rg","product_cat-sonstiges","product_cat-wd","product_cat-natur"],"_links":{"self":[{"href":"https:\/\/hobi24.de\/de\/wp-json\/wp\/v2\/product\/2248","targetHints":{"allow":["GET"]}}],"collection":[{"href":"https:\/\/hobi24.de\/de\/wp-json\/wp\/v2\/product"}],"about":[{"href":"https:\/\/hobi24.de\/de\/wp-json\/wp\/v2\/types\/product"}],"wp:featuredmedia":[{"embeddable":true,"href":"https:\/\/hobi24.de\/de\/wp-json\/wp\/v2\/media\/2249"}],"wp:attachment":[{"href":"https:\/\/hobi24.de\/de\/wp-json\/wp\/v2\/media?parent=2248"}],"wp:term":[{"taxonomy":"product_cat","embeddable":true,"href":"https:\/\/hobi24.de\/de\/wp-json\/wp\/v2\/product_cat?post=2248"},{"taxonomy":"product_tag","embeddable":true,"href":"https:\/\/hobi24.de\/de\/wp-json\/wp\/v2\/product_tag?post=2248"}],"curies":[{"name":"wp","href":"https:\/\/api.w.org\/{rel}","templated":true}]}}