{"id":2242,"date":"2024-04-11T22:37:13","date_gmt":"2024-04-11T21:37:13","guid":{"rendered":"https:\/\/hobi24.de\/?post_type=product&#038;p=2242"},"modified":"2025-01-20T20:30:33","modified_gmt":"2025-01-20T19:30:33","slug":"gemischte-kraeuterpaste-mit-double-power-honig-72-stick-x15-gr-6-packung","status":"publish","type":"product","link":"https:\/\/hobi24.de\/de\/product\/gemischte-kraeuterpaste-mit-double-power-honig-72-stick-x15-gr-6-packung\/","title":{"rendered":"Gemischte Kr\u00e4uterpaste mit Double Power Honig 72 stick x15 gr (6 Packung)"},"content":{"rendered":"<p><strong>Gemischte Kr\u00e4uterpaste mit Double Power Honig<\/strong><\/p>\n<p>Kraftpaste (Power) wird durch Mischen verschiedener Gew\u00fcrze und Honig hergestellt. Da die energetisierende und erfrischende Wirkung des Gew\u00fcrzes in seinem Inhalt bekannt ist, wird dieses Produkt als Kraftpaste bezeichnet. Powerpaste befindet sich in einem 72 stick x15 gr (6 Packung)<\/p>\n<p>Dieses Produkt kann direkt mit einem Teel\u00f6ffel gegessen werden, oder es kann auch durch Mischen mit hei\u00dfem Wasser und Milch verzehrt werden.<\/p>\n<p>Dieses Produkt ist ein nat\u00fcrliches Nahrungserg\u00e4nzungsmittel. Es ist definitiv keine Medizin. Nach den Empfehlungen von Experten wird empfohlen, 1 stick f\u00fcr Erwachsene M\u00e4nner und Frauen zu verwenden. Es hat einen leicht bitteren Geschmack aufgrund des Aromas der enthaltenen Gew\u00fcrze. Sie k\u00f6nnen nach dem Verzehr des Produkts viel Wasser trinken.<\/p>\n<p>Diese Informationen sind Expertenratschl\u00e4ge.<\/p>\n<p>Vorteile der Power Paste:<\/p>\n<p>Unser Produkt ist ein sehr n\u00fctzliches Produkt f\u00fcr die Gesundheit. Es enth\u00e4lt auch verschiedene andere Gew\u00fcrze.<\/p>\n<p>Aufbewahrung der Kraftpaste:<\/p>\n<p>Es sollte in einer k\u00fchlen und sonnenfreien Umgebung gelagert werden.<\/p>\n<p>&nbsp;<\/p>\n<p>K\u00f6nnen Kinder verwenden?<\/p>\n<p>Es wird NICHT empfohlen, dass Kinder das Produkt verwenden.<\/p>\n<p>Gibt es Nebenwirkungen?<\/p>\n<p>Das Produkt enth\u00e4lt Gew\u00fcrze und Honig. Es hat keine bekannten Nebenwirkungen, wenn es in der richtigen Dosis verwendet wird.<\/p>\n<p>&nbsp;<\/p>\n<p>Es wird nicht empfohlen, es zu verwenden, wenn Sie allergisch auf die Inhaltsstoffe dieses Produkts reagieren.<\/p>\n<p>&nbsp;<\/p>\n<p>bei google suche w\u00f6rter<\/p>\n<ul>\n<li>Epimedium<\/li>\n<li>Ginseng<\/li>\n<li>Macun<\/li>\n<li>Viagra<\/li>\n<li>epimedyumlu bitkisel macun<\/li>\n<li>epimedyumlu macun<\/li>\n<li>epimedyumlu<\/li>\n<\/ul>\n<p>&nbsp;<\/p>\n","protected":false},"excerpt":{"rendered":"<p>Gemischte Kr\u00e4uterpaste mit Double Power Honig Kraftpaste (Power) wird durch Mischen verschiedener Gew\u00fcrze und Honig hergestellt. Da die energetisierende und erfrischende Wirkung des Gew\u00fcrzes in seinem Inhalt bekannt ist, wird dieses Produkt als Kraftpaste bezeichnet. Powerpaste befindet sich in einem 72 stick x15 gr (6 Packung) Dieses Produkt kann direkt mit einem Teel\u00f6ffel gegessen werden, [&#8230;]\n","protected":false},"featured_media":2238,"template":"","meta":[],"product_cat":[15,83,73,81,84,70,79,89],"product_tag":[],"class_list":["post-2242","product","type-product","status-publish","has-post-thumbnail","hentry","product_cat-uncategorized","product_cat-b","product_cat-gs","product_cat-hs","product_cat-rg","product_cat-sonstiges","product_cat-wd","product_cat-natur"],"_links":{"self":[{"href":"https:\/\/hobi24.de\/de\/wp-json\/wp\/v2\/product\/2242","targetHints":{"allow":["GET"]}}],"collection":[{"href":"https:\/\/hobi24.de\/de\/wp-json\/wp\/v2\/product"}],"about":[{"href":"https:\/\/hobi24.de\/de\/wp-json\/wp\/v2\/types\/product"}],"wp:featuredmedia":[{"embeddable":true,"href":"https:\/\/hobi24.de\/de\/wp-json\/wp\/v2\/media\/2238"}],"wp:attachment":[{"href":"https:\/\/hobi24.de\/de\/wp-json\/wp\/v2\/media?parent=2242"}],"wp:term":[{"taxonomy":"product_cat","embeddable":true,"href":"https:\/\/hobi24.de\/de\/wp-json\/wp\/v2\/product_cat?post=2242"},{"taxonomy":"product_tag","embeddable":true,"href":"https:\/\/hobi24.de\/de\/wp-json\/wp\/v2\/product_tag?post=2242"}],"curies":[{"name":"wp","href":"https:\/\/api.w.org\/{rel}","templated":true}]}}