{"id":2195,"date":"2024-04-11T15:00:04","date_gmt":"2024-04-11T14:00:04","guid":{"rendered":"https:\/\/hobi24.de\/?post_type=product&#038;p=2195"},"modified":"2026-01-28T21:54:19","modified_gmt":"2026-01-28T20:54:19","slug":"gewuerzpastathemra-epimedyumlu-macun-1-glas-mit-240-gramm","status":"publish","type":"product","link":"https:\/\/hobi24.de\/de\/product\/gewuerzpastathemra-epimedyumlu-macun-1-glas-mit-240-gramm\/","title":{"rendered":"Gew\u00fcrzpasta,Themra Epimedyumlu Macun 1 Glas mit 240 Gramm"},"content":{"rendered":"<h2 style=\"text-align: center;\"><span style=\"color: #940000;\">Sendungen kommen in der Regel innerhalb von 1-2 Werktagen in ein europ\u00e4isches Land.\u00a0<\/span><\/h2>\n<p>&nbsp;<\/p>\n<p style=\"text-align: center;\">Diese Bestellung gilt f\u00fcr\u00a0<strong>1 BOX mit 240\u00a0Gramm THEMRA Epimedium Honig Ginseng Kr\u00e4uterpaste<\/strong>. Wir senden Ihnen Ihre THEMRA Epimedium Honig Ginseng Kr\u00e4uterpaste 100% Naturprodukt 240\u00a0gr nach Erhalt der Bestellung!!<\/p>\n<p>&nbsp;<\/p>\n<p><strong>Themra Epimedium Kr\u00e4uterhonigpaste<\/strong>, die auch als\u00a0<strong>nat\u00fcrliches t\u00fcrkisches Aphrodisiakum Macun<\/strong>\u00a0bekannt ist und auf nat\u00fcrliche Weise durch die Kombination einiger Kr\u00e4uter gewonnen wird.\u00a0<strong>T\u00fcrkisches Macun<\/strong>\u00a0wird auf nat\u00fcrliche Weise aus nat\u00fcrlichen Kr\u00e4utern hergestellt und enth\u00e4lt keine chemischen Zus\u00e4tze. Themra epimedium macun hilft dabei, Ihre Energie als nat\u00fcrliche und additivfreie Kr\u00e4uterpaste zu sammeln.<\/p>\n<p><strong>Die Kr\u00e4uter-Epimedium-Honigpaste von Themra<\/strong>\u00a0wirkt dank der darin enthaltenen Wirkstoffe schnell. Es zeigt seine Wirkung in 30-40 Minuten nach dem Gebrauch. Kr\u00e4uterpaste ist f\u00fcr alle Altersgruppen und M\u00e4nner und Frauen geeignet. Die Themra Epimedium Paste, ein nat\u00fcrliches Aphrodisiakum, ist aufgrund ihrer schnellen Wirkung eine der gefragtesten Pasten und enth\u00e4lt keine Chemikalien.<\/p>\n<p><strong>Themra Epimedyumlu Bitkisel Kar\u0131\u015f\u0131ml\u0131 Macun<\/strong>\u00a0<strong>Zutaten<\/strong>; Abgesiebter Blumenhonig, Glukosesirup, Maulbeermelasse, Pollen,\u00a0<strong>Epimedium (0,79%)<\/strong>, Johannisbrot, Hafer, Ingwer, Kleiner Galangal, Zimt, Maca, Amerikanischer Ginseng, Brennnessel, Sibirischer Ginseng, Ginkgo biloba, Roter Ginseng, K\u00fcrbis, Tribulus terrestis- Obst, Cola-Nuss, Vanille-Geschmack, Gel\u00e9e Royale.<\/p>\n<p>&nbsp;<\/p>\n<h2>Was\u00a0ist epimedium macun?<\/h2>\n<p>Epimedium macun ist eine Kr\u00e4uterhonigpaste, die das sexuelle Wohlbefinden von M\u00e4nnern und Frauen f\u00f6rdert. Es ist keine Medizin; stattdessen ist es ein Nahrungserg\u00e4nzungsmittel.<\/p>\n<h2>Was beinhaltet Themra epimedium macun?<\/h2>\n<p>Das Epra Epimedium Macun umfasst gesiebten Blumenhonig, Glukosesirup, Maulbeermelasse, Pollen, Epimedium (0,79%), Johannisbrot, Hafer, Ingwer, Kleines Galangal, Zimt, Maca, amerikanischen Ginseng, Brennnessel, sibirischen Ginseng, Ginkgo biloba, roten Ginseng, K\u00fcrbis , Tribulus terrestis-Frucht, Cola-Nuss, Vanillegeschmack, Gel\u00e9e Royale.<\/p>\n<h2>Wie verwende ich Themra epimedium macun?<\/h2>\n<p>Nachdem Sie die Themra Epimedium Honigpaste ge\u00f6ffnet haben, mischen Sie sie gut mit einem L\u00f6ffel. Verbrauchen Sie 1 Dessertl\u00f6ffel 30-40 Minuten vor dem Geschlechtsverkehr.<\/p>\n<h2>Wann zeigt Themra epimedium Kr\u00e4uterpaste ihre Wirkung?<\/h2>\n<p>Themra macun zeigt seine Wirkung in 30-40 Minuten nach der Anwendung.<\/p>\n<h2>K\u00f6nnen Frauen auch Themra epimedium macun verwenden?<\/h2>\n<p>Ja,\u00a0<strong>Themra epimedium macun kann auch von Frauen konsumiert werden<\/strong>. Frauen k\u00f6nnen seine Wirkung auch in 30-40 Minuten nach dem Verzehr von 1 Dessertl\u00f6ffel sehen.<\/p>\n<h2>Enth\u00e4lt Original Themra Macun Sildenafil in seinen Inhaltsstoffen?<\/h2>\n<p><strong>Sildenafil<\/strong>\u00a0ist ein chemischer Zusatzstoff, der in Arzneimitteln wie\u00a0<strong>Viagra<\/strong>\u00a0oder\u00a0<strong>Revatio<\/strong>\u00a0zur Behandlung von sexuellen Funktionsst\u00f6rungen wie erektiler Dysfunktion und pulmonaler arterieller Hypertonie verwendet wird.\u00a0<strong>Eine originale Themra epimedium Honigpaste (Macun) enth\u00e4lt kein Sildenafil.<\/strong>\u00a0Einige gef\u00e4lschte Produkte k\u00f6nnen jedoch auch diesen chemischen Zusatzstoff enthalten. Themra wird direkt von seiner Produzentenfirma in der T\u00fcrkei an macuns.com geliefert. Wir versichern unseren Kunden, dass wir\u00a0<strong>100% original Themra epimedium Kr\u00e4utermakun<\/strong>\u00a0anbieten.<\/p>\n<h2>Wie kann ich original Themra t\u00fcrkische Epimediumhonigpaste (Macun) kaufen?<\/h2>\n<p>Die Original-Epimedium-Kr\u00e4uterpaste von Themra ist das erste in der T\u00fcrkei produzierte Epimedium. Aus diesem Grund gibt es auf vielen Websites F\u00e4lschungen dieses Produkts. hobi24.de ist eine der Verkaufsstellen von Themra und liefert Macuns aus der T\u00fcrkei in die Welt. Original Themra Kr\u00e4utermischungspaste enth\u00e4lt keine anderen Zusatzstoffe als den angegebenen Gehalt. Sie k\u00f6nnen <strong>original Themra t\u00fcrkische Epimedium Honigpaste<\/strong> von hobi24.de kaufen.<\/p>\n<h2>Wer sollte es vermeiden, Themra epimedium macun zu konsumieren?<\/h2>\n<p>Es wird nicht f\u00fcr Blutdruck-, Herz- und Diabetes-Patienten empfohlen. Themra macun kann einige Nebenwirkungen bei diesen Patienten haben, da es die Durchblutung beschleunigt.<\/p>\n","protected":false},"excerpt":{"rendered":"<div id=\"paypal-container-JLHUK45FA25B6\"><\/div>\n<p><script>\n  paypal.HostedButtons({\n    hostedButtonId: \"JLHUK45FA25B6\",\n  }).render(\"#paypal-container-JLHUK45FA25B6\")\n<\/script><\/p>\n","protected":false},"featured_media":2197,"template":"","meta":[],"product_cat":[83,73,81,84,79,89],"product_tag":[],"class_list":["post-2195","product","type-product","status-publish","has-post-thumbnail","hentry","product_cat-b","product_cat-gs","product_cat-hs","product_cat-rg","product_cat-wd","product_cat-natur"],"_links":{"self":[{"href":"https:\/\/hobi24.de\/de\/wp-json\/wp\/v2\/product\/2195","targetHints":{"allow":["GET"]}}],"collection":[{"href":"https:\/\/hobi24.de\/de\/wp-json\/wp\/v2\/product"}],"about":[{"href":"https:\/\/hobi24.de\/de\/wp-json\/wp\/v2\/types\/product"}],"wp:featuredmedia":[{"embeddable":true,"href":"https:\/\/hobi24.de\/de\/wp-json\/wp\/v2\/media\/2197"}],"wp:attachment":[{"href":"https:\/\/hobi24.de\/de\/wp-json\/wp\/v2\/media?parent=2195"}],"wp:term":[{"taxonomy":"product_cat","embeddable":true,"href":"https:\/\/hobi24.de\/de\/wp-json\/wp\/v2\/product_cat?post=2195"},{"taxonomy":"product_tag","embeddable":true,"href":"https:\/\/hobi24.de\/de\/wp-json\/wp\/v2\/product_tag?post=2195"}],"curies":[{"name":"wp","href":"https:\/\/api.w.org\/{rel}","templated":true}]}}