{"id":1456,"date":"2023-09-17T01:43:36","date_gmt":"2023-09-17T00:43:36","guid":{"rendered":"https:\/\/hobi24.de\/?post_type=product&#038;p=1456"},"modified":"2023-12-05T00:41:32","modified_gmt":"2023-12-04T23:41:32","slug":"soap-cover-grey-bar-shampoo-natural-polygonum-essence-hair-darkening-1x-50-gr","status":"publish","type":"product","link":"https:\/\/hobi24.de\/de\/product\/soap-cover-grey-bar-shampoo-natural-polygonum-essence-hair-darkening-1x-50-gr\/","title":{"rendered":"SOAP COVER Grey Bar Shampoo Natural Polygonum Essence Hair Darkening 1x 50 gr"},"content":{"rendered":"<h1 class=\"product_title entry-title\">SOAP COVER Grey Bar Shampoo Natural Polygonum Essence Hair Darkening 1x 50 gr<\/h1>\n<p>&nbsp;<\/p>\n<p>M\u00e4nner Haarverdunkelung, komprimierte Shampoo-St\u00fcckseife, nat\u00fcrliches Seifenshampoo zur grauen Haarentfernung, schwarzes Haarf\u00e4rbemittel in wenigen Minuten, stellt gl\u00e4nzendes Haar f\u00fcr graue Haarabdeckung wieder her<br \/>\n<strong>Eigenschaft:<\/strong><br \/>\n<strong>1. Nat\u00fcrliche, farbstofffreie Formel:\u00a0<\/strong>Verabschieden Sie sich von grauem Haar mit unserem umgekehrten Haarshampoo f\u00fcr graues Haar, das keine Farbstoffe oder k\u00fcnstlichen Farbstoffe enth\u00e4lt. Nutzen Sie eine nat\u00fcrliche L\u00f6sung, die der Entstehung von grauem Haar vorbeugt, ohne auf chemische Farbstoffe oder aggressive Inhaltsstoffe zur\u00fcckgreifen zu m\u00fcssen.<br \/>\n<strong>2. Verhindert die Bildung von grauem Haar: Die regelm\u00e4\u00dfige Anwendung dieses Shampoos zur Grauabdeckung kann dazu beitragen, die Bildung von grauem Haar zu verhindern und so f\u00fcr ges\u00fcnder aussehendes Haar zu sorgen. G-enie\u00dfen Sie die Vorteile einer wirksamen Vorbeugung gegen graues Haar, indem Sie Ihre nat\u00fcrliche Haarfarbe erhalten und vorzeitigem Ergrauen vorbeugen.<br \/>\n3. Geeignet f\u00fcr alle Haartypen und -farben: Unsere schwarze Haarverdunkelungsseife ist so konzipiert, dass sie f\u00fcr alle Haartypen und -farben geeignet ist, was sie vielseitig und umfassend macht. Ob Sie feines, dickes, glattes oder lockiges Haar haben, diese Seife ist sanft genug, um von jedem verwendet zu werden, unabh\u00e4ngig von Haartyp oder -farbe.<br \/>\n4. Vielseitige Verwendung: Diese komprimierte Shampoo-St\u00fcckseife zum Verdunkeln der Haare eignet sich nicht nur hervorragend f\u00fcr das Haar, sondern kann auch f\u00fcr B\u00e4rte und Augenbrauen verwendet werden und bietet eine vielseitige L\u00f6sung. Vereinfachen Sie Ihre Pflegeroutine, indem Sie ein Produkt f\u00fcr mehrere Zwecke verwenden und so konsistente Ergebnisse und Komfort gew\u00e4hrleisten.<br \/>\n5. Sanft und nicht reizend: Unsere nat\u00fcrliche Seife zur Entfernung grauer Haare entfernt effektiv graue Haare, ohne Reizungen oder Beschwerden auf der Kopfhaut oder der Haut zu verursachen. Erleben Sie ein sanftes und wohltuendes Reinigungserlebnis, das graue Haare entfernt und gleichzeitig Ihre Kopfhaut pflegt und die allgemeine Haargesundheit erh\u00e4lt.<\/strong><\/p>\n","protected":false},"excerpt":{"rendered":"<p>SOAP COVER Grey Bar Shampoo Natural Polygonum Essence Hair Darkening 1x 50 gr &nbsp; M\u00e4nner Haarverdunkelung, komprimierte Shampoo-St\u00fcckseife, nat\u00fcrliches Seifenshampoo zur grauen Haarentfernung, schwarzes Haarf\u00e4rbemittel in wenigen Minuten, stellt gl\u00e4nzendes Haar f\u00fcr graue Haarabdeckung wieder her Eigenschaft: 1. Nat\u00fcrliche, farbstofffreie Formel:\u00a0Verabschieden Sie sich von grauem Haar mit unserem umgekehrten Haarshampoo f\u00fcr graues Haar, das keine [&#8230;]\n","protected":false},"featured_media":1458,"template":"","meta":[],"product_cat":[15,70,89],"product_tag":[],"class_list":["post-1456","product","type-product","status-publish","has-post-thumbnail","hentry","product_cat-uncategorized","product_cat-sonstiges","product_cat-natur"],"_links":{"self":[{"href":"https:\/\/hobi24.de\/de\/wp-json\/wp\/v2\/product\/1456","targetHints":{"allow":["GET"]}}],"collection":[{"href":"https:\/\/hobi24.de\/de\/wp-json\/wp\/v2\/product"}],"about":[{"href":"https:\/\/hobi24.de\/de\/wp-json\/wp\/v2\/types\/product"}],"wp:featuredmedia":[{"embeddable":true,"href":"https:\/\/hobi24.de\/de\/wp-json\/wp\/v2\/media\/1458"}],"wp:attachment":[{"href":"https:\/\/hobi24.de\/de\/wp-json\/wp\/v2\/media?parent=1456"}],"wp:term":[{"taxonomy":"product_cat","embeddable":true,"href":"https:\/\/hobi24.de\/de\/wp-json\/wp\/v2\/product_cat?post=1456"},{"taxonomy":"product_tag","embeddable":true,"href":"https:\/\/hobi24.de\/de\/wp-json\/wp\/v2\/product_tag?post=1456"}],"curies":[{"name":"wp","href":"https:\/\/api.w.org\/{rel}","templated":true}]}}