{"id":1224,"date":"2022-11-20T14:53:17","date_gmt":"2022-11-20T13:53:17","guid":{"rendered":"https:\/\/hobi24.de\/?post_type=product&#038;p=1224"},"modified":"2025-12-28T16:27:04","modified_gmt":"2025-12-28T15:27:04","slug":"adventskranz-holz-langlich-teakholz-4-kerzenhalter-natur-tischleuchter","status":"publish","type":"product","link":"https:\/\/hobi24.de\/de\/product\/adventskranz-holz-langlich-teakholz-4-kerzenhalter-natur-tischleuchter\/","title":{"rendered":"Adventskranz Holz l\u00e4nglich Teakholz 4 Kerzenhalter Natur Tischleuchter"},"content":{"rendered":"<p>Sch\u00f6ner Kerzenleuchter im edlen Design f\u00fcr bis zu vier Kerzen<br \/>\nDie 4 Kerzenhalter sind aus Metall und mit dem Wurzelst\u00fcck verbunden.<br \/>\nMaterial: Holz, Metall<br \/>\nAbmessungen (L\/B\/H): ca. 55 x (15,5 bis 21) x 15,5 cm<br \/>\nOb als Dekoration bei einem Dinner oder als romantische Beleuchtung auf der Terrasse \u2013 die Kerzenst\u00e4nder k\u00f6nnen \u00fcberall verwendet werden<br \/>\nDer Kerzenhalter kann auch weihnachtlich dekoriert werden \u2013 z. B. als Adventskranz<br \/>\nEs handelt sich um ein Naturprodukt daher k\u00f6nnen Farben, Abmessungen und die Form vom Bild und den Angaben abweichen.<br \/>\nIm Lieferumfang ist ein Kerzenleuchter (ohne Kerzen) enthalten<\/p>\n","protected":false},"excerpt":{"rendered":"<p>Sch\u00f6ner Kerzenleuchter im edlen Design f\u00fcr bis zu vier Kerzen Die 4 Kerzenhalter sind aus Metall und mit dem Wurzelst\u00fcck verbunden. Material: Holz, Metall Abmessungen (L\/B\/H): ca. 55 x (15,5 bis 21) x 15,5 cm Ob als Dekoration bei einem Dinner oder als romantische Beleuchtung auf der Terrasse \u2013 die Kerzenst\u00e4nder k\u00f6nnen \u00fcberall verwendet werden [&#8230;]\n","protected":false},"featured_media":1225,"template":"","meta":[],"product_cat":[87,81,78],"product_tag":[],"class_list":["post-1224","product","type-product","status-publish","has-post-thumbnail","hentry","product_cat-fav","product_cat-hs","product_cat-kz"],"_links":{"self":[{"href":"https:\/\/hobi24.de\/de\/wp-json\/wp\/v2\/product\/1224","targetHints":{"allow":["GET"]}}],"collection":[{"href":"https:\/\/hobi24.de\/de\/wp-json\/wp\/v2\/product"}],"about":[{"href":"https:\/\/hobi24.de\/de\/wp-json\/wp\/v2\/types\/product"}],"wp:featuredmedia":[{"embeddable":true,"href":"https:\/\/hobi24.de\/de\/wp-json\/wp\/v2\/media\/1225"}],"wp:attachment":[{"href":"https:\/\/hobi24.de\/de\/wp-json\/wp\/v2\/media?parent=1224"}],"wp:term":[{"taxonomy":"product_cat","embeddable":true,"href":"https:\/\/hobi24.de\/de\/wp-json\/wp\/v2\/product_cat?post=1224"},{"taxonomy":"product_tag","embeddable":true,"href":"https:\/\/hobi24.de\/de\/wp-json\/wp\/v2\/product_tag?post=1224"}],"curies":[{"name":"wp","href":"https:\/\/api.w.org\/{rel}","templated":true}]}}