{"id":1478,"date":"2023-11-07T09:25:09","date_gmt":"2023-11-07T08:25:09","guid":{"rendered":"https:\/\/hobi24.de\/?page_id=1478"},"modified":"2023-11-07T09:25:09","modified_gmt":"2023-11-07T08:25:09","slug":"agb","status":"publish","type":"page","link":"https:\/\/hobi24.de\/de\/agb\/","title":{"rendered":"AGB"},"content":{"rendered":"<ol>\n<li><strong>Genehmigung der Vereinbarung<\/strong><\/li>\n<\/ol>\n<p>Benutzer k\u00f6nnen <strong>hobi24.de<\/strong> abonnieren, indem sie das Abonnementformular des Benutzers oder von der Adresse <strong>www. hobi24.de<\/strong> \u00fcber unsere Abonnements f\u00fcr soziale Netzwerke oder \u00fcber die Websites, die die von <strong>www. hobi24.de<\/strong> aus zug\u00e4nglichen Websites abdecken, ausf\u00fcllen. Jeder <strong>hobi24.de<\/strong>-Benutzer akzeptiert und best\u00e4tigt die Einhaltung der Bedingungen dieser Benutzervereinbarung (&#8222;Vereinbarung&#8220;), die mit <strong>hobi24<\/strong> (&#8222;<strong>hobi24.de<\/strong>&#8222;) abgeschlossen wurde.<\/p>\n<ol start=\"2\">\n<li><strong>Dienstleistungen<\/strong><\/li>\n<\/ol>\n<p>Mit <strong>hobi24.de<\/strong> k\u00f6nnen Benutzer Lebensmittel an den Arbeitspl\u00e4tzen ihrer Mitglieder \u00fcber das Internet, Mobiltelefone, Smart-TV-Systeme oder \u00fcber Anwendungen bestellen, die m\u00f6glicherweise auf \u00e4hnlichen Plattformen entwickelt wurden und andere relevante Dienste bereitstellen.<\/p>\n<ol start=\"3\">\n<li><strong>Hobi24.de-Benutzersystem<\/strong><\/li>\n<\/ol>\n<ul>\n<li>Jeder <strong>de<\/strong>-Benutzer besitzt einen \u201eBenutzernamen\u201c oder eine E-Mail-Adresse und ein von ihm selbst festgelegtes \u201ePasswort\u201c.<\/li>\n<li>&#8222;Benutzername&#8220; wird ausschlie\u00dflich jedem Benutzer wie E-Mail-Adressen zugewiesen, und derselbe Benutzername kann nicht verschiedenen Mitgliedern zugewiesen werden.<\/li>\n<li>Jeder Benutzer muss seinen eigenen Benutzernamen oder seine registrierte E-Mail-Adresse und sein Kennwort eingeben, um eine Verbindung zu den Systemen herzustellen, f\u00fcr die eine <strong>de<\/strong>-Mitgliedschaft erforderlich ist. Dieser Prozess wird als Eintritt in das System von <strong>hobi24.de<\/strong> definiert.<\/li>\n<li>&#8222;Passwort&#8220; liegt nur im Wissen des jeweiligen Benutzers. Falls das Passwort vergessen wird, sendet <strong>de<\/strong> auf Anfrage einen Link zur registrierten E-Mail-Adresse des Benutzers, um ein neues Passwort zu erstellen. Das Ermitteln und Sch\u00fctzen des Passworts liegt in der alleinigen Verantwortung des Benutzers. <strong>hobi24.de<\/strong> haftet nicht f\u00fcr Probleme oder Sch\u00e4den, die durch die Verwendung des Passworts entstehen k\u00f6nnen.<\/li>\n<li><strong>de<\/strong> kann seine Benutzer \u00fcber die Werbeaktionen in ihrem registrierten Bereich oder \u00fcber andere Werbeaktionen informieren, die der Benutzer m\u00f6glicherweise von und von neuen Diensten und Projekten im System von <strong>hobi24.de<\/strong> oder per E-Mail profitiert. <strong>hobi24.de<\/strong> kann seine Benutzer auch erreichen und verschiedene Werbeaktionen, Kampagnen und \u00e4hnliche Informationen mit seinen Benutzern \u00fcber Social-Media-Kan\u00e4le und alle anderen Arten von Kommunikationskan\u00e4len teilen, die die Benutzer mit dem System von <strong>hobi24.de<\/strong> geteilt haben.<\/li>\n<li>Die vom Benutzer im System von <strong>de<\/strong> registrierten Informationen zu Name, Adresse und Telefonnummer werden an Frachtdienstleister weitergegeben, die die Bestellung zum Zwecke einer schnelleren und korrekten Lieferung der Bestellung liefern.<\/li>\n<li><strong>de<\/strong> haftet nicht f\u00fcr Probleme oder Sch\u00e4den, die zwischen dem Benutzer und dem Arbeitsplatz des Mitglieds entstehen k\u00f6nnen, wenn Name, Adresse und Telefonnummer, die im System registriert sind, an Frachtdienstleister weitergegeben werden, die die Bestellung ausliefern.<\/li>\n<li><strong>de<\/strong> besitzt das gesamte geistige Eigentum an den Daten und Informationen, die durch die Nutzung seines Systems erstellt wurden. Mit den oben genannten Informationen kann <strong>hobi24.de<\/strong> demografische Berichte erstellen, ohne die Mitgliedschaftsinformationen seiner Benutzer offenzulegen, oder es kann selbst Informationen oder Berichte davon verwenden und diese Berichte und \/ oder Statistiken mit oder ohne Geb\u00fchr an seine Gesch\u00e4ftspartner und Dritte weitergeben. Aktivit\u00e4ten dieser Art stellen keinen Widerspruch zu den Datenschutzbestimmungen von <strong>hobi24.de<\/strong> dar.<\/li>\n<\/ul>\n<ol start=\"4\">\n<li><strong>Pflichten des Nutzers:<\/strong><\/li>\n<\/ol>\n<p>W\u00e4hrend der Benutzer von den Diensten von <strong>hobi24.de<\/strong> profitiert, stimmt er zu, erkl\u00e4rt und verpflichtet sich, dass:<\/p>\n<ul>\n<li>Die im Benutzerabonnementformular angegebenen Informationen sind korrekt und er \/ sie haftet f\u00fcr alle Sch\u00e4den, die er \/ sie oder Dritte erleiden k\u00f6nnten, wenn diese Informationen bei Bedarf fehlerhaft oder fehlerhaft sind (z. B. das Vergessen des Passworts) und seine \/ ihre<strong> hobi24<\/strong> Die .com-Mitgliedschaft kann in solchen F\u00e4llen gek\u00fcndigt werden.<\/li>\n<li>Er \/ sie ist allein verantwortlich f\u00fcr alle Aktionen, die unter Verwendung des \u201eBenutzernamens\u201c oder der registrierten E-Mail-Adresse ausgef\u00fchrt werden, und akzeptiert, dass f\u00fcr jeden Benutzernamen nur eine E-Mail-Adresse registriert wird. Die registrierte E-Mail-Adresse kann nicht ge\u00e4ndert werden. Eine neue E-Mail-Adresse kann nur im Falle einer neuen Mitgliedschaft registriert werden<\/li>\n<li>Die Urheberrechte an von <strong>de<\/strong> bereitgestellten Diensten und Software liegen im Eigentum von <strong>hobi24.de<\/strong> und er \/ sie darf diese auf keinen Fall kopieren oder verbreiten.<\/li>\n<li>Er \/ sie haftet f\u00fcr pers\u00f6nliche Ideen, Gedanken, \u00c4u\u00dferungen, Dokumente, die <strong>de<\/strong> hinzugef\u00fcgt wurden, pers\u00f6nliche Informationen, die an <strong>hobi24.de<\/strong> und <strong>hobi24.de<\/strong> weitergegeben werden, und haftet nicht f\u00fcr Streitigkeiten, einschlie\u00dflich, aber nicht beschr\u00e4nkt auf solche, die zwischen der Fracht entstehen Dienstleistungsunternehmen und der Benutzer sowie <strong>hobi24.de<\/strong> k\u00f6nnen nach eigenem Ermessen solche Meinungen und Gedanken ver\u00f6ffentlichen oder nicht ver\u00f6ffentlichen und behalten sich das Recht vor, Rechtschreibfehler solcher Meinungen und Kommentare durch ihre Moderatoren zu bearbeiten und zu korrigieren.<\/li>\n<li>Die von <strong>de<\/strong> bereitgestellten Dienste k\u00f6nnen in einigen F\u00e4llen Inhalte f\u00fcr Personen \u00fcber 18 Jahre enthalten, und <strong>hobi24.de<\/strong> haftet nicht f\u00fcr die unangemessene Anzeige dieser Inhalte.<\/li>\n<li><strong>de<\/strong> haftet nicht f\u00fcr Informationen, Nachrichten oder Dateien, die verloren gehen und \/ oder unvollst\u00e4ndig empfangen oder an die falsche Adresse geliefert werden k\u00f6nnen, w\u00e4hrend die Dienste von <strong>hobi24.de<\/strong> genutzt werden.<\/li>\n<li>Er \/ sie darf auf die von <strong>de<\/strong> bereitgestellten Dienste nicht auf andere als die von <strong>hobi24.de<\/strong> angegebenen Weise und \/ oder ohne Genehmigung zugreifen\u00a0am \/ er darf die Software in keiner Weise \u00e4ndern und darf nicht diejenigen verwenden, von denen angenommen wird, dass sie ge\u00e4ndert wurden, und den materiellen und immateriellen Verlust kompensieren, den <strong>hobi24.de<\/strong> aufgrund der Nichteinhaltung der oben genannten Regeln erleiden k\u00f6nnte;<\/li>\n<li>In \u00dcbereinstimmung mit der Verordnung \u00fcber die Verfahren und Grunds\u00e4tze f\u00fcr den Verkauf und die Pr\u00e4sentation von Tabakerzeugnissen und alkoholischen Getr\u00e4nken sowie den einschl\u00e4gigen Rechtsvorschriften ist der Verkauf von Tabakerzeugnissen und alkoholischen Getr\u00e4nken \u00fcber <strong>de<\/strong> strengstens untersagt und der Benutzer darf keine Tabakerzeugnisse und alkoholischen Getr\u00e4nke beschaffen Getr\u00e4nke \u00fcber <strong>hobi24.de<\/strong> und stellen eine solche Anfrage an die Arbeitspl\u00e4tze der Mitglieder und dass gegenteilige Aktivit\u00e4ten zur K\u00fcndigung der Mitgliedschaft und zur K\u00fcndigung dieser Vereinbarung f\u00fchren k\u00f6nnen;<\/li>\n<li><strong>de<\/strong> haftet nicht f\u00fcr Sch\u00e4den, die entstehen k\u00f6nnen, wenn Benutzerdaten von unbefugten Personen gelesen oder verwendet werden.<\/li>\n<li><strong>de<\/strong> haftet nicht f\u00fcr Sch\u00e4den, die durch die Nutzung, Weitergabe oder Ver\u00f6ffentlichung von Benutzeranteilen durch nicht autorisierte Dritte entstehen k\u00f6nnen.<\/li>\n<li>Er \/ sie darf keinen Benutzernamen, kein Bild oder keinen Spitznamen verwenden und darf keine Nachricht oder einen Kommentar von solchen senden, die gegen die Gesetze der Vereinigten Staaten von Amerika und internationale Abkommen, die politische Botschaften enthalten, drohen, unethisch oder rassistisch sind Verletzung der Rechte an geistigem oder gewerblichem Eigentum Dritter;<\/li>\n<li>Benutzernamen, Bilder, Korrespondenz, Themen und Spitznamen, die dem System hinzugef\u00fcgt werden sollen, m\u00fcssen der \u00f6ffentlichen Moral, den Gepflogenheiten und Gesetzen entsprechen und d\u00fcrfen keine politischen Botschaften enthalten. Alle finanziellen Rechte, einschlie\u00dflich Ver\u00f6ffentlichungsrechte, Verarbeitung und Vervielf\u00e4ltigung, Verteilung, Darstellung, Kommunikation mit \u00f6ffentlichen Ger\u00e4ten, Erm\u00f6glichung der \u00dcbertragung von Zeichen, T\u00f6nen und \/ oder Bildern, \u00dcbertragung und Abtretung an Dritte gem\u00e4\u00df den einschl\u00e4gigen US-Gesetzen, wurden \u00fcbertragen <strong>de<\/strong>;<\/li>\n<li>Er \/ sie darf andere Benutzer nicht bel\u00e4stigen oder bedrohen.<\/li>\n<li>Er \/ sie darf nicht in einer Weise handeln, die die Nutzung des <strong>de<\/strong> -Systems durch andere Benutzer beeintr\u00e4chtigt.<\/li>\n<li>Er \/ sie darf die Dienste des <strong>de<\/strong> -Systems oder anderer Systeme und Anwendungen, die im Zusammenhang mit <strong>hobi24.de<\/strong> entwickelt wurden, nicht missbrauchen und darf keine Ma\u00dfnahmen ergreifen, um den Rechten anderer Benutzer des Systems zu widersprechen oder diese zu verletzen <strong>hobi24.de<\/strong> ist berechtigt, das Konto des betreffenden Benutzers im betreffenden Dienst zu k\u00fcndigen oder den Benutzernamen, das Profilbild oder \u00e4hnliche Teile des Unternehmens zu k\u00fcndigen oder einzuschr\u00e4nken Konto oder um die Mitgliedschaft bei <strong>hobi24.de<\/strong> zu k\u00fcndigen, falls ein solcher Missbrauch festgestellt wird;<\/li>\n<li>Er \/ sie darf kein unmoralisches, unangemessenes oder illegales Material oder Informationen oder Material oder Informationen ver\u00f6ffentlichen, kopieren oder verbreiten, die Verleumdung verursachen, Menschen oder Institutionen dem\u00fctigen k\u00f6nnen.<\/li>\n<li>Er \/ sie darf keine Werbung machen, keine Waren oder Dienstleistungen verkaufen oder anbieten, keine Umfragen, Wettbewerbe oder Kettenversandaktivit\u00e4ten durchf\u00fchren.<\/li>\n<li>Er \/ sie darf keine Informationen oder Programme senden, die Informationen oder Software auf den Computern anderer Benutzer besch\u00e4digen k\u00f6nnten.<\/li>\n<li>Alle Aufzeichnungen oder Materialien, die durch die Nutzung der Dienste von <strong>de<\/strong> eingehen, unterliegen ausschlie\u00dflich der Zustimmung des Benutzers. Er \/ sie tr\u00e4gt die alleinige Verantwortung f\u00fcr Ausf\u00e4lle, Informationsverlust und andere Verluste, die auf seinen eigenen Computern auftreten k\u00f6nnen, und er \/ sie beansprucht keinen Schadenersatz von <strong>hobi24.de<\/strong> f\u00fcr Sch\u00e4den, die durch die Verwendung des <strong>hobi24.de<\/strong> -Systems entstehen k\u00f6nnen;<\/li>\n<li>Der Benutzer darf die Dienste von <strong>de<\/strong> nicht f\u00fcr kommerzielle oder Werbezwecke nutzen, ohne die Zustimmung von <strong>hobi24.de<\/strong> einzuholen.<\/li>\n<li><strong>de<\/strong> kann das gesamte System jederzeit oder konsistent \u00fcberwachen.<\/li>\n<li><strong>de<\/strong> beh\u00e4lt sich das Recht vor, notwendige Eingriffe vorzunehmen und dem Benutzer den Dienst zu verweigern und die Mitgliedschaft zu k\u00fcndigen, wenn die Regeln nicht eingehalten werden.<\/li>\n<li><strong>de<\/strong> kann sein eigenes System f\u00fcr kommerzielle Zwecke verwenden.<\/li>\n<li>Er \/ sie darf keine Informationen \u00fcbertragen, deren \u00dcbertragung gesetzlich verboten ist, und er darf keine Daten wie Kettenhemden, Softwareviren usw. weitergeben, f\u00fcr die keine \u00dcbertragungsberechtigung besteht.<\/li>\n<li>Er \/ sie darf keine pers\u00f6nlichen Informationen anderer aufzeichnen, ver\u00f6ffentlichen oder missbrauchen.<\/li>\n<li>Wenn die Zahlung nicht \u00fcber die Online-Zahlungsmethode erfolgt, ist der Benutzer verpflichtet, die Zahlung f\u00fcr den Betrag der Dienstleistungen zu leisten, \u00fcber die er zuvor zum Zeitpunkt der Lieferung \u00fcber die gew\u00e4hlte Zahlungsmethode informiert wurde, und falls nicht kann die Lieferung nicht abgeschlossen werden;<\/li>\n<li>Cookies werden im <strong>de<\/strong> -System verwendet. Cookies sind Informationen, die von der Website in die Cookie-Datei auf der Festplatte des Computers des Benutzers \u00fcbertragen werden. Sie erm\u00f6glichen es Benutzern, auf <strong>hobi24.de<\/strong> zu surfen und Inhalte bereitzustellen, die den Anforderungen der Benutzer entsprechen Zugriff auf die Website, falls erforderlich.<\/li>\n<\/ul>\n<ol start=\"5\">\n<li><strong>Hobi24.de erteilte Beh\u00f6rden<\/strong><\/li>\n<\/ol>\n<ul>\n<li><strong>de<\/strong> kann den Betrieb des Systems jederzeit vor\u00fcbergehend unterbrechen oder ganz einstellen.<\/li>\n<li><strong>de<\/strong> kann die Zahlungsoption eines relevanten Benutzers \u00fcber die Online-Zahlungsmethode f\u00fcr die Benutzertransaktionen, die ausgel\u00f6st werden, vor\u00fcbergehend aussetzen oder vollst\u00e4ndig stoppen Sicherheitsbedenken.<\/li>\n<li><strong>de<\/strong> haftet gegen\u00fcber seinen Nutzern oder Dritten nicht f\u00fcr die vor\u00fcbergehende Aussetzung oder das vollst\u00e4ndige Stoppen des Systems oder die Verwendung der Online-Zahlungsmethode.<\/li>\n<li>Benutzername oder E-Mail-Adresse und Passwort werden nach Ausf\u00fcllen der von <strong>de<\/strong> bereitgestellten Anwendungsbereiche angezeigt und genehmigt. <strong>hobi24.de<\/strong> kann ausschlie\u00dflich und auf unbestimmte Zeit verhindern, dass Benutzer, die das Benutzerregistrierungsformular vollst\u00e4ndig ausgef\u00fcllt haben, oder Benutzer, die sich am System angemeldet haben, ein neues Kennwort haben oder ihre vorhandenen Kennw\u00f6rter verwenden.<\/li>\n<li><strong>de<\/strong> wird die geb\u00fchrende Sorgfalt walten lassen, sich jedoch nicht dazu verpflichten, zeitnahe, sichere und fehlerfreie Dienste bereitzustellen, korrekte und sichere Ergebnisse aus der Dienstnutzung zu liefern und die Erwartungen an die Dienstqualit\u00e4t zu erf\u00fcllen.<\/li>\n<li><strong>de<\/strong> hat das Recht, einige oder alle Dateien und die im System vorhandenen Nachrichten regelm\u00e4\u00dfig zu sichern und zu l\u00f6schen, w\u00e4hrend die Benutzer vom System profitieren. <strong>hobi24.de<\/strong> \u00fcbernimmt keine Haftung f\u00fcr solche Sicherungs- und L\u00f6schaktionen.<\/li>\n<li><strong>de<\/strong> besitzt die Eigentumsrechte und Urheberrechte, die sich aus den Eigentumsrechten an Informationen, Dokumenten, Software, Design, Grafiken usw. ergeben, die es selbst produziert und \/ oder von Dritten kauft.<\/li>\n<li><strong>de<\/strong> hat das Recht, in jeglicher Art von visuellen und schriftlichen Medien zu ver\u00f6ffentlichen, zu verarbeiten, in sozialen Netzwerken zu teilen und \/ oder an eine andere Adresse innerhalb des <strong>hobi24.de<\/strong> -Systems zu \u00fcbertragen, die von <strong>hobi24.de<\/strong> als angemessen erachtet wird, oder diese zu entfernen Die Website stellt nach eigenem Ermessen alle Informationen, Dokumente, Software, Designs, Grafiken, Werke usw. (dh Bilder des Benutzers, Nachrichten, Gedichte, Nachrichten, Dateien usw., die dem Board hinzugef\u00fcgt wurden) zur Verf\u00fcgung, die von <strong>hobi24.de<\/strong> erstellt wurden Benutzer und von ihrem eigenen Willen zur Ver\u00f6ffentlichung auf das System hochgeladen. Es ist m\u00f6glich, dass solche Informationen von anderen Benutzern kopiert, verarbeitet und \/ oder ver\u00f6ffentlicht werden. In diesem Fall kann der Benutzer keine Lizenzgeb\u00fchr von <strong>hobi24.de<\/strong> verlangen.<\/li>\n<li>Die Arbeitspl\u00e4tze der Mitglieder im <strong>de<\/strong> -System sind daf\u00fcr verantwortlich, die Informationen in Bezug auf den Preis und die Funktionen der auf dem <strong>hobi24.de<\/strong> -System zum Verkauf angebotenen Produkte zu \u00e4ndern. Wenn die Informationen in Bezug auf Preis und Funktionen fehlerhaft sind, kann <strong>hobi24.de<\/strong> die Benutzer informieren und die Produkte durch Korrektur eines solchen Fehlers liefern oder die Bestellung stornieren.<\/li>\n<li><strong>de<\/strong> wird sorgf\u00e4ltig darauf achten, faire und ehrliche Erkl\u00e4rungen zum Inhalt der im System zum Verkauf angebotenen Produkte abzugeben. <strong>hobi24.de<\/strong> \u00fcbernimmt jedoch keine Verantwortung f\u00fcr Probleme oder Sch\u00e4den, die durch fehlende und \/ oder fehlerhafte Erkl\u00e4rungen der Mitgliederarbeitspl\u00e4tze zum Inhalt der Bestellungen entstehen k\u00f6nnen.<\/li>\n<li><strong>de<\/strong> kann den Benutzern den Zugriff auf Websites au\u00dferhalb des <strong>hobi24.de<\/strong> -Systems erm\u00f6glichen. In diesem Fall akzeptiert der Benutzer im Voraus, dass <strong>hobi24.de<\/strong> nicht f\u00fcr den Inhalt der Websites verantwortlich ist, an die weitergegeben wird.<\/li>\n<li><strong>de<\/strong> kann zu gegebener Zeit Dienste, f\u00fcr die keine Benutzermitgliedschaft erforderlich ist, auf Dienste umstellen, f\u00fcr die eine Mitgliedschaft erforderlich ist, zus\u00e4tzliche Dienste er\u00f6ffnen, einige seiner Dienste teilweise oder vollst\u00e4ndig \u00e4ndern oder sie in kostenpflichtige Dienste umwandeln. In diesem Fall hat der Benutzer das Recht, den Vertrag zu k\u00fcndigen und von der Mitgliedschaft zur\u00fcckzutreten.<\/li>\n<li><strong>de<\/strong> kann \u00c4nderungen an der Leistung der Vereinbarung vornehmen, einige ihrer Klauseln \u00e4ndern oder neue Klauseln f\u00fcr zuk\u00fcnftige technische Notwendigkeiten und die Einhaltung der Gesetzgebung hinzuf\u00fcgen, unter der Bedingung, dass die \u00c4nderungen nicht zu Lasten der Benutzer gehen.<\/li>\n<li><strong>de<\/strong> \u00fcbernimmt keine Verantwortung f\u00fcr die Inhalte der Mitgliedsrestaurants.<\/li>\n<\/ul>\n<ol start=\"6\">\n<li>Bestimmungsgem\u00e4\u00dfe Verwendung<\/li>\n<\/ol>\n<p>Benutzer akzeptieren, dass alle Bestellungen und Eink\u00e4ufe \u00fcber das <strong>hobi24.de<\/strong> -System nicht nur f\u00fcr den pers\u00f6nlichen Gebrauch bestimmt sind und zum Wiederverkauf bestimmt sind.<\/p>\n<ol start=\"7\">\n<li><strong>Zahlung<\/strong><\/li>\n<\/ol>\n<p>Benutzer von <strong>hobi24.de<\/strong> k\u00f6nnen die Zahlung f\u00fcr die Bestellungen, die sie \u00fcber das <strong>hobi24.de<\/strong> -System aufgegeben haben, in der von ihnen bei der Bestellung gew\u00e4hlten Methode aus den Optionen des jeweiligen Mitgliedsarbeitsplatzes zum Zeitpunkt der Lieferung vornehmen. Die Benutzer k\u00f6nnen auch sofort online \u00fcber die Online-Zahlungsmethode \u00fcber ihre Bankkarte, Kreditkarte oder ein \u00e4hnliches Zahlungsmittel oder \u00fcber ein anderes Zahlungssystem (z. B. PayPal) bezahlen. Wenn die Karte von einer anderen Person als dem Inhaber bei Zahlungen, die \u00fcber die Online-Zahlungsmethode ausgef\u00fchrt wurden, rechtswidrig verwendet wird, werden Ma\u00dfnahmen gem\u00e4\u00df den Bestimmungen des einschl\u00e4gigen Gesetzes ergriffen. F\u00fcr Bestellungen, deren Zahlungen \u00fcber die Online-Zahlungsmethode ausgef\u00fchrt werden, wird der Eingang \/ die Rechnung der Bestellung von <strong>hobi24.de<\/strong> ausgestellt.<\/p>\n<ol start=\"8\">\n<li><strong>Pers\u00f6nliche Daten<\/strong><\/li>\n<\/ol>\n<p>Die Benutzer akzeptieren und erkennen an, dass sie im Rahmen der datenschutzrechtlichen Grunds\u00e4tze ihre ausdr\u00fccklichen Einwilligungen f\u00fcr die Verarbeitung, Weitergabe, Weitergabe an Dritte und das Ausland an ihre \u201epersonenbezogenen Daten\u201c wie Name, Nachname, E-Mail-Adresse, Adresse und Telefonnummer durch Annahme haben des Mitgliedschaftsvertrags und w\u00e4hrend ihrer Mitgliedschaftszeit bei <strong>hobi24.de<\/strong> und w\u00e4hrend ihrer Aktionen auf der Website nach Beschlagnahme ihrer Mitgliedschaft. Die Rechtsgrundlage f\u00fcr die Verarbeitung, Weitergabe der personenbezogenen Daten an Dritte und im Ausland ist das Rechtsverh\u00e4ltnis zwischen User und <strong>hobi24.de<\/strong>. Personenbezogene Daten k\u00f6nnen von <strong>hobi24.de<\/strong> und seinen Tochtergesellschaften und Gesch\u00e4ftspartnern von <strong>hobi24.de<\/strong> und seinen Tochtergesellschaften f\u00fcr Marketing-, Analyse- und statistische Zwecke verarbeitet, an Dritte und im Ausland \u00fcbertragen oder anonym verwendet werden. Abgesehen von personenbezogenen Daten akzeptieren und best\u00e4tigen die Benutzer, dass sie die ausdr\u00fcckliche Zustimmung zur Aufzeichnung, Verarbeitung, Auflistung und anonymen Verwendung durch Dritte in der Analyse zur Bereitstellung besserer Dienste oder zur Ausf\u00fchrung mehrerer Anwendungen oder Programme auf <strong>hobi24<\/strong> durch <strong>hobi24<\/strong> haben .com, <strong>hobi24.de<\/strong> -Tochtergesellschaften und ihre Gesch\u00e4ftspartner, ihre Bestellinformationen (wie Art des bestellten Produkts, Bestellnummer, Bestellzeitpunkt, Bestellgebiet, alle Arten von Informationen zu ihren Aktivit\u00e4ten auf der Website (oder \u00e4hnlichem) mobile oder elektronische Website, die verwendet wird), die sie mit <strong>hobi24 <\/strong>teilen) und \u00e4hnliche Daten (\u201eDaten\u201c).<\/p>\n<ol start=\"9\">\n<li><strong>Rechtliche Verpflichtungen<\/strong><\/li>\n<\/ol>\n<p>Transaktionen, die sich aus s\u00e4mtlichen rechtlichen \u00c4nderungen ergeben, die au\u00dferhalb des Geltungsbereichs der Vereinbarung erfolgen, fallen nicht in den Haftungsbereich von <strong>hobi24.de<\/strong> und werden in der Vereinbarung genau wiedergegeben.<\/p>\n<ol start=\"10\">\n<li><strong>Produktlieferung<\/strong><\/li>\n<\/ol>\n<p>Wenn der Benutzer w\u00e4hrend des Produktlieferprozesses an den Mitgliedsarbeitspl\u00e4tzen nicht an der von ihm auf dem <strong>hobi24.de<\/strong>-System ausgew\u00e4hlten Adresse anwesend ist, wird die Lieferung mit Sicherheit nicht an eine andere Adresse geliefert. Innerhalb dieses Rahmens ist der Nutzer verpflichtet, seine gesetzlichen Verpflichtungen zu \u00fcbernehmen, die sich aus der Bestellung an eine Adresse ergeben k\u00f6nnen, an der er nicht anwesend ist.<\/p>\n<ol start=\"11\">\n<li><strong>R\u00fcckerstattung<\/strong><\/li>\n<\/ol>\n<p>Die R\u00fcckerstattung der Zahlung an den Benutzer erfolgt nur in den folgenden F\u00e4llen f\u00fcr Zahlungen, die \u00fcber die Online-Zahlungsmethode ausgef\u00fchrt werden:<\/p>\n<ul>\n<li>Obligatorische Stornierung der Bestellung, da die Bestellung nicht an <strong>de<\/strong> \u00fcbermittelt wurde; Teilweise oder vollst\u00e4ndige obligatorische Stornierung der Bestellung aufgrund der teilweisen oder vollst\u00e4ndigen Nichtverf\u00fcgbarkeit des bestellten Produkts auf Lager;<\/li>\n<li>Stornierung der Bestellung nach Genehmigung durch <strong>de<\/strong> wegen Unzufriedenheit mit dem bestellten Produkt; und<\/li>\n<li>Wenn die Bestellung auf Anfrage des Benutzers storniert wird und die Stornierung von <strong>de<\/strong> genehmigt wird, auch nachdem die Bestellung von <strong>hobi24.de<\/strong> vorbereitet wurde;<\/li>\n<\/ul>\n<p><strong>hobi24.de<\/strong> beh\u00e4lt sich das Recht vor, die R\u00fcckerstattung der Zahlung nur dann nicht neu zu trainieren, wenn die Gr\u00fcnde dem Benutzer zuzurechnen sind (z. B. wenn der Benutzer nicht zu Hause ist, falsche Adressinformationen angibt und das Produkt nicht entgegennimmt).<br \/>\nDie R\u00fcckerstattung der Zahlungen, die \u00fcber andere Methoden als die Online-Zahlungsmethode erfolgen, erfolgt direkt durch die Mitgliedsarbeitspl\u00e4tze von <strong>hobi24.de. hobi24.de<\/strong> \u00fcbernimmt keine Haftung f\u00fcr Streitigkeiten, die aufgrund der Bedingungen f\u00fcr die R\u00fcckgabe der Zahlung entstehen k\u00f6nnen.<\/p>\n<ol start=\"12\">\n<li><strong>Aufbewahrung von Informationen und Beweislast<\/strong><\/li>\n<\/ol>\n<p>Informationsbestellungen, Kommentare \/ Bewertungen usw. der im <strong>hobi24.de<\/strong>-System registrierten Benutzer werden gem\u00e4\u00df den Datenschutzbestimmungen von <strong>hobi24.de<\/strong> mindestens drei (3) Jahre lang aufbewahrt. F\u00fcr alle Streitigkeiten, die aufgrund der Ausf\u00fchrung dieser Vereinbarung entstehen k\u00f6nnen, stellen sowohl die im System von <strong>hobi24.de<\/strong> gespeicherten Informationen als auch die Benutzeraufzeichnungen verbindliche und wesentliche Beweise dar.<\/p>\n<ol start=\"13\">\n<li><strong>Anwendbares Recht und zust\u00e4ndige Gerichte und Vollstreckungs\u00e4mter<\/strong><\/li>\n<\/ol>\n<p>Diese Vereinbarung unterliegt den Gesetzen der Vereinigten Staaten von Amerika. Verwandte Gerichte sind die zust\u00e4ndigen Beh\u00f6rden f\u00fcr die Beilegung von Streitigkeiten, die sich aus der Ausf\u00fchrung dieses Abkommens ergeben.<\/p>\n<ol start=\"14\">\n<li><strong>Datum des Inkrafttretens<\/strong><\/li>\n<\/ol>\n<p>Diese Vereinbarung tritt zwischen den Parteien auf unbestimmte Zeit ab dem Datum in Kraft, an dem der Benutzer das Benutzerregistrierungsformular ausf\u00fcllt.<\/p>\n<ol start=\"15\">\n<li><strong>K\u00fcndigung<\/strong><\/li>\n<\/ol>\n<p>Die Vertragsparteien k\u00f6nnen diesen Vertrag jederzeit k\u00fcndigen. Die zum Zeitpunkt der Beendigung des Vertrags bestehenden gegenseitigen Anspr\u00fcche der Partei bleiben unber\u00fchrt.<\/p>\n<p>&nbsp;<\/p>\n","protected":false},"excerpt":{"rendered":"<p>Genehmigung der Vereinbarung Benutzer k\u00f6nnen hobi24.de abonnieren, indem sie das Abonnementformular des Benutzers oder von der Adresse www. hobi24.de \u00fcber unsere Abonnements f\u00fcr soziale Netzwerke oder \u00fcber die Websites, die die von www. hobi24.de aus zug\u00e4nglichen Websites abdecken, ausf\u00fcllen. Jeder hobi24.de-Benutzer akzeptiert und best\u00e4tigt die Einhaltung der Bedingungen dieser Benutzervereinbarung (&#8222;Vereinbarung&#8220;), die mit hobi24 (&#8222;hobi24.de&#8222;) [&#8230;]\n","protected":false},"author":1,"featured_media":0,"parent":0,"menu_order":0,"comment_status":"closed","ping_status":"closed","template":"","meta":{"footnotes":""},"class_list":["post-1478","page","type-page","status-publish","hentry"],"_links":{"self":[{"href":"https:\/\/hobi24.de\/de\/wp-json\/wp\/v2\/pages\/1478","targetHints":{"allow":["GET"]}}],"collection":[{"href":"https:\/\/hobi24.de\/de\/wp-json\/wp\/v2\/pages"}],"about":[{"href":"https:\/\/hobi24.de\/de\/wp-json\/wp\/v2\/types\/page"}],"author":[{"embeddable":true,"href":"https:\/\/hobi24.de\/de\/wp-json\/wp\/v2\/users\/1"}],"replies":[{"embeddable":true,"href":"https:\/\/hobi24.de\/de\/wp-json\/wp\/v2\/comments?post=1478"}],"version-history":[{"count":1,"href":"https:\/\/hobi24.de\/de\/wp-json\/wp\/v2\/pages\/1478\/revisions"}],"predecessor-version":[{"id":1479,"href":"https:\/\/hobi24.de\/de\/wp-json\/wp\/v2\/pages\/1478\/revisions\/1479"}],"wp:attachment":[{"href":"https:\/\/hobi24.de\/de\/wp-json\/wp\/v2\/media?parent=1478"}],"curies":[{"name":"wp","href":"https:\/\/api.w.org\/{rel}","templated":true}]}}