{"id":1476,"date":"2023-11-07T09:23:25","date_gmt":"2023-11-07T08:23:25","guid":{"rendered":"https:\/\/hobi24.de\/?page_id=1476"},"modified":"2023-11-07T09:23:25","modified_gmt":"2023-11-07T08:23:25","slug":"versand","status":"publish","type":"page","link":"https:\/\/hobi24.de\/de\/versand\/","title":{"rendered":"Versand"},"content":{"rendered":"<p><strong>Bearbeitungszeit<\/strong><br \/>\nAlle Artikel werden innerhalb von 2 Werktagen versandt, es sei denn, der K\u00e4ufer wird um weitere Informationen gebeten.<\/p>\n<p><strong>Gesch\u00e4tzte Lieferzeiten<\/strong><br \/>\nAlle Artikel werden per Expedited International Shipping verschickt. Siehe auch Versandseite.<br \/>\nNordamerika: 2-5 Werktage<br \/>\nEuropa: 1-4 Werktage<br \/>\nAustralien, Neuseeland und Ozeanien: 3-6 Werktage<\/p>\n<p><strong>Zoll- und Einfuhrsteuern<\/strong><br \/>\nAlle Sendungen werden aus der T\u00fcrkei versendet. K\u00e4ufer sind f\u00fcr eventuell anfallende Zoll- und Einfuhrsteuern verantwortlich.<br \/>\nWir sind nicht verantwortlich f\u00fcr Verz\u00f6gerungen aufgrund des Zolls.<\/p>\n<p><strong>R\u00fccksendungen und Umtausch nehmen wir gerne an<\/strong><br \/>\nKontaktieren Sie uns einfach innerhalb von: 1 Tag nach Lieferung<br \/>\nSenden Sie die Artikel innerhalb von 7 Tagen nach Lieferung an uns zur\u00fcck<\/p>\n<p><strong>Die folgenden Artikel k\u00f6nnen nicht zur\u00fcckgegeben oder umgetauscht werden<\/strong><br \/>\nAufgrund der Beschaffenheit dieser Artikel k\u00f6nnen wir keine R\u00fccksendungen f\u00fcr kundenspezifische oder personalisierte Bestellungen akzeptieren, es sei denn, sie werden besch\u00e4digt oder defekt geliefert.<\/p>\n<p><strong>R\u00fcckgabebedingungen<\/strong><br \/>\nK\u00e4ufer sind f\u00fcr die R\u00fccksendekosten verantwortlich. Wird der Artikel nicht im Originalzustand zur\u00fcckgesandt, haftet der K\u00e4ufer f\u00fcr etwaige Wertverluste.<\/p>\n<p>&nbsp;<\/p>\n","protected":false},"excerpt":{"rendered":"<p>Bearbeitungszeit Alle Artikel werden innerhalb von 2 Werktagen versandt, es sei denn, der K\u00e4ufer wird um weitere Informationen gebeten. Gesch\u00e4tzte Lieferzeiten Alle Artikel werden per Expedited International Shipping verschickt. Siehe auch Versandseite. Nordamerika: 2-5 Werktage Europa: 1-4 Werktage Australien, Neuseeland und Ozeanien: 3-6 Werktage Zoll- und Einfuhrsteuern Alle Sendungen werden aus der T\u00fcrkei versendet. K\u00e4ufer [&#8230;]\n","protected":false},"author":1,"featured_media":0,"parent":0,"menu_order":0,"comment_status":"closed","ping_status":"closed","template":"","meta":{"footnotes":""},"class_list":["post-1476","page","type-page","status-publish","hentry"],"_links":{"self":[{"href":"https:\/\/hobi24.de\/de\/wp-json\/wp\/v2\/pages\/1476","targetHints":{"allow":["GET"]}}],"collection":[{"href":"https:\/\/hobi24.de\/de\/wp-json\/wp\/v2\/pages"}],"about":[{"href":"https:\/\/hobi24.de\/de\/wp-json\/wp\/v2\/types\/page"}],"author":[{"embeddable":true,"href":"https:\/\/hobi24.de\/de\/wp-json\/wp\/v2\/users\/1"}],"replies":[{"embeddable":true,"href":"https:\/\/hobi24.de\/de\/wp-json\/wp\/v2\/comments?post=1476"}],"version-history":[{"count":1,"href":"https:\/\/hobi24.de\/de\/wp-json\/wp\/v2\/pages\/1476\/revisions"}],"predecessor-version":[{"id":1477,"href":"https:\/\/hobi24.de\/de\/wp-json\/wp\/v2\/pages\/1476\/revisions\/1477"}],"wp:attachment":[{"href":"https:\/\/hobi24.de\/de\/wp-json\/wp\/v2\/media?parent=1476"}],"curies":[{"name":"wp","href":"https:\/\/api.w.org\/{rel}","templated":true}]}}