{"id":1474,"date":"2023-11-07T09:22:24","date_gmt":"2023-11-07T08:22:24","guid":{"rendered":"https:\/\/hobi24.de\/?page_id=1474"},"modified":"2025-08-31T11:22:48","modified_gmt":"2025-08-31T10:22:48","slug":"widerrufsrecht","status":"publish","type":"page","link":"https:\/\/hobi24.de\/de\/widerrufsrecht\/","title":{"rendered":"Widerrufsrecht"},"content":{"rendered":"<p><strong>Kehrt zur\u00fcck<\/strong><br \/>\nUnsere Police dauert 30 Tage. Wenn seit Ihrem Kauf 30 Tage vergangen sind, k\u00f6nnen wir Ihnen leider keine R\u00fcckerstattung oder Umtausch anbieten.<\/p>\n<p>Um f\u00fcr eine R\u00fccksendung berechtigt zu sein, muss Ihr Artikel unbenutzt sein und sich in dem Zustand befinden, in dem Sie ihn erhalten haben. Es muss auch in der Originalverpackung sein.<\/p>\n<p>Einige Arten von Waren sind von der R\u00fccksendung ausgenommen. Verderbliche Waren wie Lebensmittel, Blumen, Zeitungen oder Zeitschriften k\u00f6nnen nicht zur\u00fcckgegeben werden. Wir akzeptieren auch keine Produkte, die Intim- oder Hygieneartikel, gef\u00e4hrliche Materialien oder brennbare Fl\u00fcssigkeiten oder Gase sind.<\/p>\n<p>Zus\u00e4tzliche Einwegartikel:<br \/>\n&#8211; Geschenkkarten<br \/>\n&#8211; Herunterladbare Softwareprodukte<br \/>\n&#8211; Einige Gesundheits- und K\u00f6rperpflegemittel<\/p>\n<p>Um Ihre R\u00fccksendung abzuschlie\u00dfen, ben\u00f6tigen wir eine Quittung oder einen Kaufbeleg.<br \/>\nBitte senden Sie Ihren Kauf nicht an den Hersteller zur\u00fcck.<\/p>\n<p>Es gibt bestimmte Situationen, in denen nur teilweise R\u00fcckerstattungen gew\u00e4hrt werden (falls zutreffend).<br \/>\n&#8211; Jeder Artikel, der sich nicht im Originalzustand befindet, ist besch\u00e4digt oder es fehlen Teile aus Gr\u00fcnden, die nicht auf unseren Fehler zur\u00fcckzuf\u00fchren sind<br \/>\n&#8211; Alle Artikel, die mehr als 30 Tage nach Lieferung zur\u00fcckgegeben werden<\/p>\n<p><strong>R\u00fcckerstattungen (falls zutreffend)<\/strong><br \/>\nSobald Ihre R\u00fccksendung eingegangen und gepr\u00fcft ist, senden wir Ihnen eine E-Mail, um Sie dar\u00fcber zu informieren, dass wir Ihren zur\u00fcckgesandten Artikel erhalten haben. Wir werden Sie auch \u00fcber die Genehmigung oder Ablehnung Ihrer R\u00fcckerstattung informieren.<br \/>\nWenn Sie genehmigt wurden, wird Ihre R\u00fcckerstattung bearbeitet und innerhalb einer bestimmten Anzahl von Tagen wird automatisch eine Gutschrift auf Ihre Kreditkarte oder die urspr\u00fcngliche Zahlungsmethode angewendet.<\/p>\n<p><strong>Versp\u00e4tete oder fehlende R\u00fcckerstattung (falls zutreffend)<\/strong><br \/>\nWenn Sie noch keine R\u00fcckerstattung erhalten haben, \u00fcberpr\u00fcfen Sie zun\u00e4chst Ihr Bankkonto erneut.<br \/>\nWenden Sie sich dann an Ihr Kreditkartenunternehmen. Es kann einige Zeit dauern, bis Ihre R\u00fcckerstattung offiziell gebucht wird.<br \/>\nWenden Sie sich als n\u00e4chstes an Ihre Bank. Es dauert oft einige Zeit, bis eine R\u00fcckerstattung gebucht wird.<br \/>\nWenn Sie dies alles getan haben und Ihre R\u00fcckerstattung noch nicht erhalten haben, kontaktieren Sie uns bitte unter <strong>info@hobi24.de.<\/strong><\/p>\n<p><strong>Verkaufsartikel (falls zutreffend)<\/strong><br \/>\nEs k\u00f6nnen nur Artikel zum regul\u00e4ren Preis erstattet werden. Leider k\u00f6nnen Verkaufsartikel nicht erstattet werden.<\/p>\n<p><strong>B\u00f6rsen (falls zutreffend)<\/strong><br \/>\nWir ersetzen Artikel nur, wenn sie defekt oder besch\u00e4digt sind. Wenn Sie es gegen denselben Artikel eintauschen m\u00fcssen, senden Sie uns eine E-Mail an <strong>info@hobi24.de<\/strong> und senden Sie Ihren Artikel an unser Lager in den USA: 1115 W Comanche St, 73069, Norman, Oklahoma<\/p>\n<p><strong>Geschenke<\/strong><br \/>\nWenn der Artikel beim Kauf markiert und direkt an Sie versendet wurde, erhalten Sie eine Geschenkgutschrift f\u00fcr den Wert Ihrer R\u00fccksendung. Sobald der zur\u00fcckgegebene Artikel eingegangen ist, erhalten Sie einen Geschenkgutschein.<\/p>\n<p>Wenn der Artikel beim Kauf nicht als Geschenk gekennzeichnet war oder der Geschenkgeber die Bestellung an sich selbst versandt hatte, um sie Ihnen sp\u00e4ter zu geben, senden wir eine R\u00fcckerstattung an den Geschenkgeber und er wird \u00fcber Ihre R\u00fccksendung informiert.<\/p>\n<p><strong>Versand<\/strong><br \/>\nUm Ihr Produkt zur\u00fcckzusenden, sollten Sie Ihr Produkt an unser Lager in den USA senden:<\/p>\n<div>BaFa Company Trade<\/div>\n<div><\/div>\n<div>1115 W Comanche St, 73069, Norman, Oklahoma<\/div>\n<p>Sie sind f\u00fcr die Zahlung Ihrer eigenen Versandkosten und aller anfallenden Z\u00f6lle oder Abgaben verantwortlich, die bei der R\u00fccksendung Ihres Artikels anfallen k\u00f6nnen. Versandkosten werden nicht erstattet. Wenn Sie eine R\u00fcckerstattung erhalten, werden die Kosten f\u00fcr die R\u00fccksendung von Ihrer R\u00fcckerstattung abgezogen.<\/p>\n<p>Je nachdem, wo Sie wohnen, kann die Zeit, die Ihr ausgetauschtes Produkt ben\u00f6tigt, um Sie zu erreichen, variieren.<\/p>\n<p>&nbsp;<\/p>\n","protected":false},"excerpt":{"rendered":"<p>Kehrt zur\u00fcck Unsere Police dauert 30 Tage. Wenn seit Ihrem Kauf 30 Tage vergangen sind, k\u00f6nnen wir Ihnen leider keine R\u00fcckerstattung oder Umtausch anbieten. Um f\u00fcr eine R\u00fccksendung berechtigt zu sein, muss Ihr Artikel unbenutzt sein und sich in dem Zustand befinden, in dem Sie ihn erhalten haben. Es muss auch in der Originalverpackung sein. [&#8230;]\n","protected":false},"author":1,"featured_media":0,"parent":0,"menu_order":0,"comment_status":"closed","ping_status":"closed","template":"","meta":{"footnotes":""},"class_list":["post-1474","page","type-page","status-publish","hentry"],"_links":{"self":[{"href":"https:\/\/hobi24.de\/de\/wp-json\/wp\/v2\/pages\/1474","targetHints":{"allow":["GET"]}}],"collection":[{"href":"https:\/\/hobi24.de\/de\/wp-json\/wp\/v2\/pages"}],"about":[{"href":"https:\/\/hobi24.de\/de\/wp-json\/wp\/v2\/types\/page"}],"author":[{"embeddable":true,"href":"https:\/\/hobi24.de\/de\/wp-json\/wp\/v2\/users\/1"}],"replies":[{"embeddable":true,"href":"https:\/\/hobi24.de\/de\/wp-json\/wp\/v2\/comments?post=1474"}],"version-history":[{"count":3,"href":"https:\/\/hobi24.de\/de\/wp-json\/wp\/v2\/pages\/1474\/revisions"}],"predecessor-version":[{"id":2603,"href":"https:\/\/hobi24.de\/de\/wp-json\/wp\/v2\/pages\/1474\/revisions\/2603"}],"wp:attachment":[{"href":"https:\/\/hobi24.de\/de\/wp-json\/wp\/v2\/media?parent=1474"}],"curies":[{"name":"wp","href":"https:\/\/api.w.org\/{rel}","templated":true}]}}