{"id":1417,"date":"2023-08-07T22:13:19","date_gmt":"2023-08-07T21:13:19","guid":{"rendered":"https:\/\/hobi24.de\/?page_id=1417"},"modified":"2023-08-07T22:14:10","modified_gmt":"2023-08-07T21:14:10","slug":"automatisch-gespeicherter-entwurf-3","status":"publish","type":"page","link":"https:\/\/hobi24.de\/de\/automatisch-gespeicherter-entwurf-3\/","title":{"rendered":"Garantie- und R\u00fcckgabebedingungen"},"content":{"rendered":"<h3>Garantie- und R\u00fcckgabebedingungen<\/h3>\n<p>Garantiebedingungen<br \/>Sofern nicht anders angegeben, unterliegen alle Produkte der Herstellergarantie. Damit die Garantiebedingungen g\u00fcltig sind, sollten Sie das Produkt unbedingt w\u00e4hrend der Frachtlieferung \u00fcberpr\u00fcfen. Wenn Sie einen Schaden feststellen, dokumentieren Sie dies und holen Sie sich das Produkt nicht. Am Produkt vorgenommene \u00c4nderungen, Verformungen des Produkts oder eine Verschlechterung des urspr\u00fcnglichen Designs des Produkts fallen nicht unter die Garantie.<\/p>\n<p>Produktr\u00fcckgaberichtlinie<br \/>Wenn sich herausstellt, dass das Produkt, das Sie auf unserer Website gekauft haben, fehlerhaft ist, m\u00fcssen Sie uns sp\u00e4testens innerhalb von 7 Tagen nach dem Lieferdatum \u00fcber den Online-Support-Bereich auf unserer Seite kontaktieren. Nach diesen Informationen wird das fehlerhafte Produkt, das Sie uns mit dem Frachtunternehmen zusenden, durch ein neues ersetzt. Wenn der Mangel des bestellten Produkts auf die Nutzung durch den Kunden zur\u00fcckzuf\u00fchren ist oder das Produkt innerhalb von 7 Tagen verwendet wurde, kann das Produkt nicht zur\u00fcckgegeben oder umgetauscht werden. Als R\u00fcckgabe- und Ersatzbedingungen f\u00fcr Produkte sind die Praktiken gem\u00e4\u00df dem Verbraucherschutzgesetz Nr. 4077 von wesentlicher Bedeutung.<\/p>\n","protected":false},"excerpt":{"rendered":"<p>Garantie- und R\u00fcckgabebedingungen GarantiebedingungenSofern nicht anders angegeben, unterliegen alle Produkte der Herstellergarantie. Damit die Garantiebedingungen g\u00fcltig sind, sollten Sie das Produkt unbedingt w\u00e4hrend der Frachtlieferung \u00fcberpr\u00fcfen. Wenn Sie einen Schaden feststellen, dokumentieren Sie dies und holen Sie sich das Produkt nicht. Am Produkt vorgenommene \u00c4nderungen, Verformungen des Produkts oder eine Verschlechterung des urspr\u00fcnglichen Designs des [&#8230;]\n","protected":false},"author":2,"featured_media":0,"parent":0,"menu_order":0,"comment_status":"closed","ping_status":"closed","template":"","meta":{"footnotes":""},"class_list":["post-1417","page","type-page","status-publish","hentry"],"_links":{"self":[{"href":"https:\/\/hobi24.de\/de\/wp-json\/wp\/v2\/pages\/1417","targetHints":{"allow":["GET"]}}],"collection":[{"href":"https:\/\/hobi24.de\/de\/wp-json\/wp\/v2\/pages"}],"about":[{"href":"https:\/\/hobi24.de\/de\/wp-json\/wp\/v2\/types\/page"}],"author":[{"embeddable":true,"href":"https:\/\/hobi24.de\/de\/wp-json\/wp\/v2\/users\/2"}],"replies":[{"embeddable":true,"href":"https:\/\/hobi24.de\/de\/wp-json\/wp\/v2\/comments?post=1417"}],"version-history":[{"count":2,"href":"https:\/\/hobi24.de\/de\/wp-json\/wp\/v2\/pages\/1417\/revisions"}],"predecessor-version":[{"id":1419,"href":"https:\/\/hobi24.de\/de\/wp-json\/wp\/v2\/pages\/1417\/revisions\/1419"}],"wp:attachment":[{"href":"https:\/\/hobi24.de\/de\/wp-json\/wp\/v2\/media?parent=1417"}],"curies":[{"name":"wp","href":"https:\/\/api.w.org\/{rel}","templated":true}]}}