{"id":1413,"date":"2023-08-07T22:09:31","date_gmt":"2023-08-07T21:09:31","guid":{"rendered":"https:\/\/hobi24.de\/?page_id=1413"},"modified":"2023-08-07T22:10:50","modified_gmt":"2023-08-07T21:10:50","slug":"automatisch-gespeicherter-entwurf-2","status":"publish","type":"page","link":"https:\/\/hobi24.de\/de\/automatisch-gespeicherter-entwurf-2\/","title":{"rendered":"Mitgliedschaftsvereinbarung"},"content":{"rendered":"<h3>Mitgliedschaftsvereinbarung<\/h3>\n<p>Allgemeine Nutzungsbedingungen der Website, allgemeine Regeln dazu und rechtliche Verantwortlichkeiten<\/p>\n<p>Es wird empfohlen, die Nutzungsvereinbarung zu lesen, die die folgenden Bedingungen, Regeln und rechtlichen Verantwortlichkeiten enth\u00e4lt, bevor Sie sie auf Kitapsepeti.de verwenden.<br \/>Sollten die angegebenen Konditionen f\u00fcr Sie nicht in Frage kommen, nutzen Sie die Seite hobi24.de bitte nicht. Durch die Nutzung der Website und das Ausf\u00fcllen des Formulars mit Ihren pers\u00f6nlichen Daten erkl\u00e4ren Sie sich mit den auf diesen Seiten aufgef\u00fchrten Bedingungen einverstanden.<\/p>\n<p>1. Nutzungs- und Sicherheitsregeln<br \/>Kitapsepeti.de steht allen Mitgliedern offen. Sofern nicht anders angegeben, sind die auf der Website bereitgestellten Dienste kostenlos.<\/p>\n<p>In den folgenden schriftlichen F\u00e4llen kann die Site-Administration dem Mitglied die Nutzung der Site verbieten und beh\u00e4lt sich ihre gesetzlichen Rechte gegen\u00fcber der Person oder den Personen vor, die an den folgenden Initiativen beteiligt sind:<\/p>\n<p>1 a. Auf der Website werden falsche, unregelm\u00e4\u00dfige, unvollst\u00e4ndige und irref\u00fchrende Informationen, Aussagen, die nicht den allgemeinen moralischen Regeln entsprechen, und Informationen, die den Gesetzen der Republik T\u00fcrkei widersprechen, erfasst<\/p>\n<p>1.b. Unerlaubtes Kopieren des Inhalts der Website im Ganzen oder in Teilen<\/p>\n<p>1.c. Der Nutzer ist direkt verantwortlich f\u00fcr alle Arten von Sch\u00e4den, die aus der Weitergabe von Informationen wie Benutzername, Passwort, Nutzungsrechten, die den Nutzern gegeben oder von ihnen festgelegt wurden, an Dritte oder Organisationen (die Nutzung dieser Informationen durch Personen) entstehen k\u00f6nnen au\u00dfer dem Benutzer). Ebenso darf der Benutzer keine pers\u00f6nlichen Informationen wie IP-Adresse, E-Mail-Adresse oder Benutzernamen einer anderen Person im Internet verwenden und ohne Erlaubnis nicht auf die privaten Informationen anderer Benutzer zugreifen oder diese verwenden. Es wird davon ausgegangen, dass der Nutzer jegliche rechtliche und strafrechtliche Haftung akzeptiert, die sich aus einer solchen Nutzung ergeben kann.<\/p>\n<p>1.d. Die Verwendung von Software, die die Sicherheit der Website gef\u00e4hrdet, den Betrieb der Website und der verwendeten Software verhindert, Aktivit\u00e4ten ausf\u00fchrt, dies versucht und Informationen beschafft, l\u00f6scht oder \u00e4ndert<\/p>\n<p>2. Nutzung von Inhalten<\/p>\n<p>3. Verantwortlichkeiten<\/p>\n<p>3 a. Die Informationen (Verweildauer, Uhrzeit, betrachtete Seiten) der Nutzer, die hobi24.de besuchen, werden erfasst, um sie besser bedienen zu k\u00f6nnen. Diese Informationen werden unter Beachtung der Datenschutzbestimmungen, der Werbung usw. bereitgestellt, um den Inhalt zu erweitern und zu verbessern. Sie werden an die Unternehmen weitergegeben, mit denen wir zusammenarbeiten. Der Zweck besteht darin, das Erlebnis, das die Website ihren Benutzern bietet, zu verbessern und Booksepeti.de zu verbessern.<\/p>\n<p>3.b. Nach dem Ausf\u00fcllen der f\u00fcr die Registrierung erforderlichen Felder und der Best\u00e4tigung der E-Mail-Adresse kann der hobi24.de-Nutzer unter Angabe seiner E-Mail-Adresse und seines Passworts mit der Nutzung der Seite Booksepeti.de beginnen, sofern er die in dieser Vereinbarung genannten Bedingungen einh\u00e4lt .<\/p>\n<p>3.c. Bei der Nutzung der Website und ihrer Dienste kann der Benutzer das t\u00fcrkische Strafgesetzbuch, das t\u00fcrkische Handelsgesetzbuch, das Gesetz \u00fcber geistige und k\u00fcnstlerische Werke, die Gesetzesverordnungen und Rechtsvorschriften zum Schutz von Marken- und Patentrechten sowie das Gesetz von anwenden Verpflichtungen, andere relevante Rechtsvorschriften und die Bestimmungen von \u201ehobi24.de\u201c verpflichten sich, alle Arten von Ank\u00fcndigungen und Mitteilungen einzuhalten, die im Zusammenhang mit seinen Dienstleistungen ver\u00f6ffentlicht werden. Alle rechtlichen, strafrechtlichen und finanziellen Verantwortlichkeiten, die sich aus diesen Benachrichtigungen und der illegalen Nutzung ergeben k\u00f6nnen, liegen beim Nutzer.<\/p>\n<p>3.d. Wird festgestellt, dass der Nutzer seinen Pflichten aus dieser Vereinbarung oder den auf der Website hobby24.de genannten allgemeinen Regeln nicht nachkommt, kann dem Nutzer die Nutzung von hobi24.de f\u00fcr einen bestimmten Zeitraum oder auf unbestimmte Zeit und\/oder sein Recht untersagt werden Konto kann geschlossen werden.<\/p>\n<p>3.e. Der Nutzer kann nicht dazu dienen, anderen Nutzern und Besuchern die Nutzung von hobi24.de zu verbieten oder zu erschweren, und er kann keine Server oder Datenbanken durch die Installation automatischer Programme erzwingen\/sperren. Keine Betrugsversuche. Er\/sie akzeptiert, dass seine\/ihre Mitgliedschaft beendet wird, wenn er\/sie gefunden wird, und er\/sie akzeptiert alle Arten rechtlicher und strafrechtlicher Haftung, die sich aus dieser Situation ergeben k\u00f6nnen.<\/p>\n<p>3.g. Der Nutzer darf auf den von hobi24.de kopierten oder gedruckten Materialien keine Urheberrechts-, Marken- und Urheberrechtsvermerke l\u00f6schen oder entfernen.<\/p>\n<p>3.h. Die K\u00fcndigung der Mitgliedschaft und die L\u00f6schung des Accounts kann der Nutzer \u00fcber hobi24.de vornehmen. Die Autorisierung des Benutzers, der seine Mitgliedschaft auf der Website beendet, wird widerrufen. Wer seine Mitgliedschaft k\u00fcndigt, akzeptiert, dass dieser Vorgang unumkehrbar ist.<\/p>\n<p>3.j. Die Beziehungen der Seitennutzer untereinander oder mit Dritten liegen in der Verantwortung der jeweiligen Personen.<\/p>\n<p>3.m. In bestimmten Teilen der Website k\u00f6nnen unterschiedliche Regeln und Verpflichtungen f\u00fcr diesen Abschnitt festgelegt werden. Es wird davon ausgegangen, dass Personen und Organisationen, die diese Abschnitte nutzen, diese Regeln im Voraus akzeptiert haben.<\/p>\n<p>3.n. Bitte lesen Sie den Abschnitt \u201eDatenschutzrichtlinie\u201c, um unsere allgemeinen Richtlinien und die Vorsichtsma\u00dfnahmen zu lesen, die wir zum Schutz der pers\u00f6nlichen Daten und der Privatsph\u00e4re unserer Benutzer ergreifen.<\/p>\n<p>3.o Der Benutzer akzeptiert und verpflichtet sich, dass die Zahlungsinformationen (Kreditkarten-, GSM-Nummerninformationen usw.), die f\u00fcr den \u00fcber die Website get\u00e4tigten Einkauf verwendet werden sollen, korrekt sind und dass die daraus resultierenden rechtlichen und strafrechtlichen Verantwortlichkeiten bei ihm liegen .<\/p>\n<p>\u00a0<\/p>\n<p>7. Benachrichtigungsadressen<\/p>\n<p>7.a. Die Seite hobi24.de fragt ihre Nutzer nicht vorab nach ihrer Postanschrift. Allerdings gilt die E-Mail-Adresse, die der Nutzer hobi24.de mitteilt, als die E-Mail-Adresse, von der aus die rechtliche Adresse f\u00fcr jede Mitteilung zu diesem Vertrag abgefragt wird.<\/p>\n<p>7.b. Sofern die Parteien der anderen Partei die \u00c4nderungen in ihren aktuellen E-Mails nicht innerhalb von 3 (drei) Tagen schriftlich mitteilen, akzeptieren sie, dass die an die alten E-Mails gestellten Anfragen g\u00fcltig sind und als an sie gerichtet gelten .<\/p>\n<p>7.c. Auch hier wird davon ausgegangen, dass alle Arten von Benachrichtigungen, die von hobi24.de unter Verwendung der registrierten E-Mail-Adresse des Benutzers erfolgen, 1 (einen) Tag nach dem Versand der E-Mail durch Kitapsepeti.de beim Benutzer eingegangen sind. Der Nutzer erkl\u00e4rt, akzeptiert und verpflichtet sich, alle Artikel dieser Teilnahmevereinbarung gelesen, verstanden und akzeptiert zu haben und die Richtigkeit der von ihm gemachten Angaben zu seiner Person zu best\u00e4tigen.<\/p>\n","protected":false},"excerpt":{"rendered":"<p>Mitgliedschaftsvereinbarung Allgemeine Nutzungsbedingungen der Website, allgemeine Regeln dazu und rechtliche Verantwortlichkeiten Es wird empfohlen, die Nutzungsvereinbarung zu lesen, die die folgenden Bedingungen, Regeln und rechtlichen Verantwortlichkeiten enth\u00e4lt, bevor Sie sie auf Kitapsepeti.de verwenden.Sollten die angegebenen Konditionen f\u00fcr Sie nicht in Frage kommen, nutzen Sie die Seite hobi24.de bitte nicht. Durch die Nutzung der Website und [&#8230;]\n","protected":false},"author":2,"featured_media":0,"parent":0,"menu_order":0,"comment_status":"closed","ping_status":"closed","template":"","meta":{"footnotes":""},"class_list":["post-1413","page","type-page","status-publish","hentry"],"_links":{"self":[{"href":"https:\/\/hobi24.de\/de\/wp-json\/wp\/v2\/pages\/1413","targetHints":{"allow":["GET"]}}],"collection":[{"href":"https:\/\/hobi24.de\/de\/wp-json\/wp\/v2\/pages"}],"about":[{"href":"https:\/\/hobi24.de\/de\/wp-json\/wp\/v2\/types\/page"}],"author":[{"embeddable":true,"href":"https:\/\/hobi24.de\/de\/wp-json\/wp\/v2\/users\/2"}],"replies":[{"embeddable":true,"href":"https:\/\/hobi24.de\/de\/wp-json\/wp\/v2\/comments?post=1413"}],"version-history":[{"count":3,"href":"https:\/\/hobi24.de\/de\/wp-json\/wp\/v2\/pages\/1413\/revisions"}],"predecessor-version":[{"id":1416,"href":"https:\/\/hobi24.de\/de\/wp-json\/wp\/v2\/pages\/1413\/revisions\/1416"}],"wp:attachment":[{"href":"https:\/\/hobi24.de\/de\/wp-json\/wp\/v2\/media?parent=1413"}],"curies":[{"name":"wp","href":"https:\/\/api.w.org\/{rel}","templated":true}]}}