{"id":1409,"date":"2023-08-07T21:56:22","date_gmt":"2023-08-07T20:56:22","guid":{"rendered":"https:\/\/hobi24.de\/?page_id=1409"},"modified":"2023-08-07T21:59:11","modified_gmt":"2023-08-07T20:59:11","slug":"automatisch-gespeicherter-entwurf","status":"publish","type":"page","link":"https:\/\/hobi24.de\/de\/automatisch-gespeicherter-entwurf\/","title":{"rendered":"Lieferbedingungen"},"content":{"rendered":"  <div id=\"page-header-112564357\" class=\"page-header-wrapper\">\n  <div class=\"page-title dark featured-title\">\n\n    \n    <div class=\"page-title-inner container align-center text-center flex-row-col medium-flex-wrap\" >\n              <div class=\"title-wrapper flex-col\">\n          <h1 class=\"entry-title mb-0\">\n            Lieferbedingungen          <\/h1>\n        <\/div>\n                <div class=\"page-title-sub op-7 flex-col\">\n          <p class=\"lead\">Der Versand Ihrer Bestellungen erfolgt sp\u00e4testens innerhalb von 3 Werktagen nach Bankfreigabe bzw. Auftragsbest\u00e4tigung, sofern vorr\u00e4tig. Sollte es nicht verf\u00fcgbar sein, wird es von den Zulieferunternehmen oder Verlagen, mit denen wir zusammenarbeiten, bereitgestellt und versendet.  Die Lieferzeiten der Produkte, die wir nicht vorr\u00e4tig haben, variieren je nach Verlag. Die Lieferung der Produkte im Beschaffungsprozess erfolgt nach erfolgter Beschaffung.  Im Falle eines von uns verursachten Missgeschicks werden Sie anhand Ihrer Mitgliedsdaten benachrichtigt. Deshalb ist die Mitgliedschaft vollst\u00e4ndig und genaue Informationen sind wichtig. An Feiertagen und Feiertagen ist eine Lieferung nicht m\u00f6glich.  Alle von Ihnen ausgew\u00e4hlten Produkte werden Ihnen von den Kurierunternehmen zugestellt, mit denen wir einen Vertrag abgeschlossen haben.   www.kitapsepeti.de ist eine Online-Shopping-Seite. Dadurch k\u00f6nnen mehrere Benutzer gleichzeitig einkaufen. In seltenen F\u00e4llen ist es f\u00fcr den Verbraucher m\u00f6glich, dasselbe Produkt zu kaufen, und das Produkt ist in diesem Fall nicht vorr\u00e4tig.  Sollte sich das von Ihnen online bezahlte Produkt nicht in unserem Bestand befinden, betr\u00e4gt die Wartezeit mindestens 4 (vier) Tage und h\u00f6chstens 20 (zwanzig) Tage. Kann das Produkt innerhalb dieser Fristen nicht an den Verbraucher \u00fcbergeben werden, wird ihm die geleistete Zahlung zur\u00fcckerstattet.<\/p>\n        <\/div>\n                    <div class=\"title-content flex-col\">\n              <\/div>\n    <\/div>\n\n       <\/div>\n    <\/div>\n  \n","protected":false},"excerpt":{"rendered":"","protected":false},"author":2,"featured_media":0,"parent":0,"menu_order":0,"comment_status":"closed","ping_status":"closed","template":"","meta":{"footnotes":""},"class_list":["post-1409","page","type-page","status-publish","hentry"],"_links":{"self":[{"href":"https:\/\/hobi24.de\/de\/wp-json\/wp\/v2\/pages\/1409","targetHints":{"allow":["GET"]}}],"collection":[{"href":"https:\/\/hobi24.de\/de\/wp-json\/wp\/v2\/pages"}],"about":[{"href":"https:\/\/hobi24.de\/de\/wp-json\/wp\/v2\/types\/page"}],"author":[{"embeddable":true,"href":"https:\/\/hobi24.de\/de\/wp-json\/wp\/v2\/users\/2"}],"replies":[{"embeddable":true,"href":"https:\/\/hobi24.de\/de\/wp-json\/wp\/v2\/comments?post=1409"}],"version-history":[{"count":3,"href":"https:\/\/hobi24.de\/de\/wp-json\/wp\/v2\/pages\/1409\/revisions"}],"predecessor-version":[{"id":1412,"href":"https:\/\/hobi24.de\/de\/wp-json\/wp\/v2\/pages\/1409\/revisions\/1412"}],"wp:attachment":[{"href":"https:\/\/hobi24.de\/de\/wp-json\/wp\/v2\/media?parent=1409"}],"curies":[{"name":"wp","href":"https:\/\/api.w.org\/{rel}","templated":true}]}}