{"id":1328,"date":"2022-11-28T22:50:20","date_gmt":"2022-11-28T22:50:20","guid":{"rendered":"https:\/\/hobi24.de\/?page_id=1328"},"modified":"2025-08-31T11:18:43","modified_gmt":"2025-08-31T10:18:43","slug":"datenschutzerklarung","status":"publish","type":"page","link":"https:\/\/hobi24.de\/de\/datenschutzerklarung\/","title":{"rendered":"Datenschutzerkl\u00e4rung"},"content":{"rendered":"<p><strong>DATENSCHUTZERKL\u00c4RUNG<\/strong><\/p>\n<p>&#8212;-<\/p>\n<p><strong>ABSCHNITT 1 &#8211; WAS MACHEN WIR MIT IHREN INFORMATIONEN?<\/strong><\/p>\n<p>Wenn Sie im Rahmen des Kauf- und Verkaufsprozesses etwas in unserem Gesch\u00e4ft kaufen, erfassen wir die von Ihnen angegebenen pers\u00f6nlichen Daten wie Ihren Namen, Ihre Adresse und Ihre E-Mail-Adresse.<br \/>\nWenn Sie in unserem Shop st\u00f6bern, erhalten wir automatisch die IP-Adresse (Internet Protocol) Ihres Computers, um uns Informationen zu liefern, die uns helfen, mehr \u00fcber Ihren Browser und Ihr Betriebssystem zu erfahren.<br \/>\nE-Mail-Marketing (falls zutreffend): Mit Ihrer Erlaubnis k\u00f6nnen wir Ihnen E-Mails \u00fcber unseren Shop, neue Produkte und andere Updates senden.<\/p>\n<p><strong>ABSCHNITT 2 &#8211; ZUSTIMMUNG<\/strong><\/p>\n<p>Wie bekommst du meine Zustimmung?<br \/>\nWenn Sie uns personenbezogene Daten zur Verf\u00fcgung stellen, um eine Transaktion abzuschlie\u00dfen, Ihre Kreditkarte zu \u00fcberpr\u00fcfen, eine Bestellung aufzugeben, eine Lieferung zu veranlassen oder einen Kauf zur\u00fcckzugeben, erkl\u00e4ren Sie sich damit einverstanden, dass wir diese nur aus diesem Grund abholen und verwenden.<br \/>\nWenn wir aus einem sekund\u00e4ren Grund wie dem Marketing nach Ihren pers\u00f6nlichen Daten fragen, werden wir Sie entweder direkt um Ihre ausdr\u00fcckliche Zustimmung bitten oder Ihnen die M\u00f6glichkeit geben, Nein zu sagen.<\/p>\n<p>Wie widerrufe ich meine Einwilligung?<br \/>\nWenn Sie nach Ihrer Anmeldung Ihre Meinung \u00e4ndern, k\u00f6nnen Sie Ihre Einwilligung zur Kontaktaufnahme mit uns f\u00fcr die weitere Erfassung, Verwendung oder Offenlegung Ihrer Informationen jederzeit widerrufen, indem Sie uns unter <strong>info@hobi24.de<\/strong> oder kontaktieren Mailen Sie uns an:<\/p>\n<div>BaFa Company Trade<\/div>\n<div>1115 W Comanche St, 73069, Norman, Oklahoma<\/div>\n<p><strong>ABSCHNITT 3 &#8211; OFFENLEGUNG<\/strong><\/p>\n<p>Wir k\u00f6nnen Ihre pers\u00f6nlichen Daten offenlegen, wenn wir gesetzlich dazu verpflichtet sind oder wenn Sie gegen unsere Nutzungsbedingungen versto\u00dfen.<\/p>\n<p><strong>ABSCHNITT 4 &#8211; EINKAUFEN<\/strong><\/p>\n<p>Unser Gesch\u00e4ft wird auf Shopify Inc. gehostet. Sie bieten uns die Online-E-Commerce-Plattform, mit der wir unsere Produkte und Dienstleistungen an Sie verkaufen k\u00f6nnen.<br \/>\nIhre Daten werden \u00fcber den Datenspeicher, die Datenbanken und die allgemeine Shopify-Anwendung von Shopify gespeichert. Sie speichern Ihre Daten auf einem sicheren Server hinter einer Firewall.<\/p>\n<p><strong>Zahlung:<\/strong><br \/>\nWenn Sie ein Direktzahlungs-Gateway ausw\u00e4hlen, um Ihren Kauf abzuschlie\u00dfen, speichert Shopify Ihre Kreditkartendaten. Es wird durch den PCI-DSS (Payment Card Industry Data Security Standard) verschl\u00fcsselt. Ihre Kauftransaktionsdaten werden nur so lange gespeichert, wie dies zum Abschluss Ihrer Kauftransaktion erforderlich ist. Danach werden Ihre Kauftransaktionsinformationen gel\u00f6scht.<br \/>\nAlle Direktzahlungs-Gateways entsprechen den von PCI-DSS festgelegten Standards, die vom PCI Security Standards Council verwaltet werden. Dies ist eine gemeinsame Anstrengung von Marken wie Visa, Mastercard, American Express und Discover.<br \/>\nDie PCI-DSS-Anforderungen tragen dazu bei, dass unser Gesch\u00e4ft und seine Dienstleister sicher mit Kreditkarteninformationen umgehen k\u00f6nnen.<br \/>\nWeitere Informationen erhalten Sie auch in den Nutzungsbedingungen von Shopify (https:\/\/www.shopify.com\/legal\/terms) oder in der Datenschutzerkl\u00e4rung (https:\/\/www.shopify.com\/legal\/privacy).<\/p>\n<p><strong>ABSCHNITT 5 &#8211; DIENSTLEISTUNGEN VON DRITTANBIETERN<\/strong><\/p>\n<p>Im Allgemeinen werden die von uns verwendeten Drittanbieter Ihre Daten nur in dem Umfang sammeln, verwenden und offenlegen, der erforderlich ist, damit sie die von ihnen f\u00fcr uns erbrachten Dienstleistungen erbringen k\u00f6nnen.<br \/>\nBestimmte Drittanbieter wie Zahlungsgateways und andere Zahlungsabwickler haben jedoch ihre eigenen Datenschutzrichtlinien in Bezug auf die Informationen, die wir ihnen f\u00fcr Ihre kaufbezogenen Transaktionen zur Verf\u00fcgung stellen m\u00fcssen.<br \/>\nF\u00fcr diese Anbieter empfehlen wir, dass Sie deren Datenschutzrichtlinien lesen, damit Sie verstehen, wie Ihre pers\u00f6nlichen Daten von diesen Anbietern behandelt werden.<br \/>\nDenken Sie insbesondere daran, dass sich bestimmte Anbieter m\u00f6glicherweise in Einrichtungen befinden oder \u00fcber Einrichtungen verf\u00fcgen, die sich in einer anderen Gerichtsbarkeit befinden als Sie oder wir. Wenn Sie sich also f\u00fcr eine Transaktion entscheiden, die die Dienste eines Drittanbieters umfasst, unterliegen Ihre Informationen m\u00f6glicherweise den Gesetzen der Gerichtsbarkeit (en), in der sich dieser Dienstanbieter oder seine Einrichtungen befinden.<br \/>\nWenn Sie sich beispielsweise in Kanada befinden und Ihre Transaktion von einem Zahlungsgateway in den USA verarbeitet wird, k\u00f6nnen Ihre zum Abschluss dieser Transaktion verwendeten pers\u00f6nlichen Daten gem\u00e4\u00df den Gesetzen der USA, einschlie\u00dflich des Patriot Act, offengelegt werden.<br \/>\nSobald Sie die Website unseres Shops verlassen oder zu einer Website oder Anwendung eines Drittanbieters weitergeleitet werden, unterliegen Sie nicht mehr dieser Datenschutzrichtlinie oder den Nutzungsbedingungen unserer Website.<\/p>\n<p><strong>Links<\/strong><br \/>\nWenn Sie auf Links in unserem Shop klicken, werden Sie m\u00f6glicherweise von unserer Website weggeleitet. Wir sind nicht f\u00fcr die Datenschutzpraktiken anderer Websites verantwortlich und empfehlen Ihnen, deren Datenschutzerkl\u00e4rungen zu lesen.<br \/>\nGoogle Analytics:<br \/>\nUnser Shop verwendet Google Analytics, um herauszufinden, wer unsere Website besucht und welche Seiten angezeigt werden<\/p>\n<p><strong>ABSCHNITT 6 &#8211; SICHERHEIT<\/strong><\/p>\n<p>Um Ihre pers\u00f6nlichen Daten zu sch\u00fctzen, treffen wir angemessene Vorsichtsma\u00dfnahmen und befolgen die branchen\u00fcblichen Best Practices, um sicherzustellen, dass sie nicht unangemessen verloren gehen, missbraucht, abgerufen, offengelegt, ge\u00e4ndert oder zerst\u00f6rt werden.<br \/>\nWenn Sie uns Ihre Kreditkarteninformationen zur Verf\u00fcgung stellen, werden diese Informationen mithilfe der Secure Socket Layer-Technologie (SSL) verschl\u00fcsselt und mit einer AES-256-Verschl\u00fcsselung gespeichert. Obwohl keine \u00dcbertragungsmethode \u00fcber das Internet oder die elektronische Speicherung 100% sicher ist, befolgen wir alle PCI-DSS-Anforderungen und implementieren zus\u00e4tzliche allgemein anerkannte Industriestandards.<\/p>\n<p><strong>ABSCHNITT 7 &#8211; COOKIES<\/strong><\/p>\n<p>Hier ist eine Liste der von uns verwendeten Cookies. Wir haben sie hier aufgelistet, damit Sie ausw\u00e4hlen k\u00f6nnen, ob Sie Cookies deaktivieren m\u00f6chten oder nicht.<br \/>\n_session_id, eindeutiges Token, sitzungsbezogen, Erm\u00f6glicht Shopify das Speichern von Informationen zu Ihrer Sitzung (Referrer, Zielseite usw.).<br \/>\n_shopify_visit, keine Daten gespeichert, 30 Minuten nach dem letzten Besuch best\u00e4ndig, Wird vom internen Statistik-Tracker unseres Website-Anbieters verwendet, um die Anzahl der Besuche aufzuzeichnen<br \/>\n_shopify_uniq, keine Daten gespeichert, l\u00e4uft um Mitternacht (relativ zum Besucher) des n\u00e4chsten Tages ab. Z\u00e4hlt die Anzahl der Besuche eines einzelnen Kunden in einem Gesch\u00e4ft.<br \/>\nWarenkorb, eindeutiger Token, 2 Wochen lang haltbar. Speichert Informationen \u00fcber den Inhalt Ihres Warenkorbs.<br \/>\n_secure_session_id, eindeutiges Token, sitzungsbezogen<br \/>\nstorefront_digest, eindeutiges Token, unbestimmt Wenn der Shop ein Kennwort hat, wird dies verwendet, um festzustellen, ob der aktuelle Besucher Zugriff hat.<br \/>\nPREF, f\u00fcr einen sehr kurzen Zeitraum persistent, von Google festgelegt und verfolgt, wer den Store besucht und von wo<\/p>\n<p><strong>ABSCHNITT 8 &#8211; ZUSTIMMUNGSALTER<\/strong><\/p>\n<p>Durch die Nutzung dieser Website erkl\u00e4ren Sie, dass Sie in Ihrem Bundesstaat oder Ihrer Wohnprovinz mindestens das Alter der Mehrheit erreicht haben oder dass Sie in Ihrem Bundesstaat oder Ihrer Wohnprovinz das Alter der Mehrheit erreicht haben, und Sie haben uns Ihre Zustimmung gegeben, eine der folgenden Bestimmungen zuzulassen Ihre minderj\u00e4hrigen Angeh\u00f6rigen, um diese Website zu nutzen.<\/p>\n<p><strong>ABSCHNITT 9 &#8211; \u00c4NDERUNGEN DIESER DATENSCHUTZRICHTLINIE<\/strong><\/p>\n<p>Wir behalten uns das Recht vor, diese Datenschutzrichtlinie jederzeit zu \u00e4ndern. \u00dcberpr\u00fcfen Sie sie daher regelm\u00e4\u00dfig. \u00c4nderungen und Klarstellungen werden sofort nach ihrer Ver\u00f6ffentlichung auf der Website wirksam. Wenn wir wesentliche \u00c4nderungen an dieser Richtlinie vornehmen, werden wir Sie hier dar\u00fcber informieren, dass sie aktualisiert wurde, damit Sie wissen, welche Informationen wir sammeln, wie wir sie verwenden und unter welchen Umst\u00e4nden wir sie gegebenenfalls verwenden und \/ oder offenlegen es.<br \/>\nWenn unser Gesch\u00e4ft erworben oder mit einem anderen Unternehmen zusammengef\u00fchrt wird, werden Ihre Daten m\u00f6glicherweise an die neuen Eigent\u00fcmer \u00fcbertragen, damit wir Ihnen weiterhin Produkte verkaufen k\u00f6nnen.<\/p>\n<p><strong>FRAGEN UND KONTAKTINFORMATIONEN<\/strong><\/p>\n<p>Wenn Sie: auf pers\u00f6nliche Informationen zugreifen, diese korrigieren, \u00e4ndern oder l\u00f6schen m\u00f6chten, die wir \u00fcber Sie haben, eine Beschwerde registrieren oder einfach weitere Informationen w\u00fcnschen, wenden Sie sich an unseren Datenschutzbeauftragten unter <strong>info@hobi24.de<\/strong> oder per E-Mail an<br \/>\n<strong>hobi24.de<\/strong><br \/>\n[Re: Datenschutzbeauftragter]\n<p>&nbsp;<\/p>\n","protected":false},"excerpt":{"rendered":"<p>DATENSCHUTZERKL\u00c4RUNG &#8212;- ABSCHNITT 1 &#8211; WAS MACHEN WIR MIT IHREN INFORMATIONEN? Wenn Sie im Rahmen des Kauf- und Verkaufsprozesses etwas in unserem Gesch\u00e4ft kaufen, erfassen wir die von Ihnen angegebenen pers\u00f6nlichen Daten wie Ihren Namen, Ihre Adresse und Ihre E-Mail-Adresse. Wenn Sie in unserem Shop st\u00f6bern, erhalten wir automatisch die IP-Adresse (Internet Protocol) Ihres Computers, [&#8230;]\n","protected":false},"author":1,"featured_media":0,"parent":0,"menu_order":0,"comment_status":"closed","ping_status":"closed","template":"","meta":{"footnotes":""},"class_list":["post-1328","page","type-page","status-publish","hentry"],"_links":{"self":[{"href":"https:\/\/hobi24.de\/de\/wp-json\/wp\/v2\/pages\/1328","targetHints":{"allow":["GET"]}}],"collection":[{"href":"https:\/\/hobi24.de\/de\/wp-json\/wp\/v2\/pages"}],"about":[{"href":"https:\/\/hobi24.de\/de\/wp-json\/wp\/v2\/types\/page"}],"author":[{"embeddable":true,"href":"https:\/\/hobi24.de\/de\/wp-json\/wp\/v2\/users\/1"}],"replies":[{"embeddable":true,"href":"https:\/\/hobi24.de\/de\/wp-json\/wp\/v2\/comments?post=1328"}],"version-history":[{"count":3,"href":"https:\/\/hobi24.de\/de\/wp-json\/wp\/v2\/pages\/1328\/revisions"}],"predecessor-version":[{"id":2601,"href":"https:\/\/hobi24.de\/de\/wp-json\/wp\/v2\/pages\/1328\/revisions\/2601"}],"wp:attachment":[{"href":"https:\/\/hobi24.de\/de\/wp-json\/wp\/v2\/media?parent=1328"}],"curies":[{"name":"wp","href":"https:\/\/api.w.org\/{rel}","templated":true}]}}